{"id":410,"date":"2019-05-16T16:55:40","date_gmt":"2019-05-16T16:55:40","guid":{"rendered":"http:\/\/historisches-kirchhellen.de\/?page_id=410"},"modified":"2019-05-18T19:34:27","modified_gmt":"2019-05-18T19:34:27","slug":"johann-breuker-platz","status":"publish","type":"page","link":"https:\/\/historisches-kirchhellen.de\/?page_id=410","title":{"rendered":"Johann-Breuker-Platz"},"content":{"rendered":"\n<p>Dieser Platz ist der zentrale Kirchhellener Platz und liegt zwischen <a href=\"http:\/\/historisches-kirchhellen.de\/?page_id=322\">Oberhofstra\u00dfe<\/a> und <a href=\"http:\/\/historisches-kirchhellen.de\/?page_id=417\">Hauptstra\u00dfe<\/a> am sogenannten Bankenviertel. Hier findet jeden Donnerstag der Wochenmarkt statt. Weiterhin ist der Johann-Breuker-Platz der Ort f\u00fcr diverse Veranstaltungen wie den Kirchhellener Wintertreff.<br><br>Die Johann-Breuker-Stra\u00dfe ist nur noch eine kurze Stra\u00dfe am Rande des Platzes. Sie war fr\u00fcher f\u00fcr den Autoverkehr freigegeben, heutzutage dient sie der Anlieferung von Waren f\u00fcr die anliegenden Gesch\u00e4fte und den Wochenmarkt.<br><br>Johann Breuker wurde 1817 geboren und starb 1885. Er entstammte der Bauernfamilie Breuker, so die Schreibweise der Familie, in der Br\u00e4uke und war neben dem Freiherrn von Schorlemer-Alst Mitbegr\u00fcnder des \u201eWestf\u00e4lischen Bauernvereins\u201c sowie Redakteur der Fachzeitschrift \u201eDer Westf\u00e4lische Bauer\u201c. <\/p>\n\n\n\n<div class=\"wp-block-image\"><figure class=\"aligncenter is-resized\"><a href=\"http:\/\/historisches-kirchhellen.de\/wp-content\/uploads\/2019\/05\/05199-Breuker-Johann.jpg\"><img loading=\"lazy\" decoding=\"async\" src=\"http:\/\/historisches-kirchhellen.de\/wp-content\/uploads\/2019\/05\/05199-Breuker-Johann-642x1024.jpg\" alt=\"\" class=\"wp-image-742\" width=\"251\" height=\"400\" srcset=\"https:\/\/historisches-kirchhellen.de\/wp-content\/uploads\/2019\/05\/05199-Breuker-Johann-642x1024.jpg 642w, https:\/\/historisches-kirchhellen.de\/wp-content\/uploads\/2019\/05\/05199-Breuker-Johann-188x300.jpg 188w, https:\/\/historisches-kirchhellen.de\/wp-content\/uploads\/2019\/05\/05199-Breuker-Johann-768x1226.jpg 768w, https:\/\/historisches-kirchhellen.de\/wp-content\/uploads\/2019\/05\/05199-Breuker-Johann.jpg 936w\" sizes=\"auto, (max-width: 251px) 100vw, 251px\" \/><\/a><figcaption>Johann Breuker (*1817, +1885)<\/figcaption><\/figure><\/div>\n","protected":false},"excerpt":{"rendered":"<p>Dieser Platz ist der zentrale Kirchhellener Platz und liegt zwischen Oberhofstra\u00dfe und Hauptstra\u00dfe am sogenannten Bankenviertel. Hier findet jeden Donnerstag der Wochenmarkt statt. Weiterhin ist &hellip; <\/p>\n","protected":false},"author":1,"featured_media":0,"parent":123,"menu_order":136,"comment_status":"closed","ping_status":"closed","template":"","meta":{"_acf_changed":false,"footnotes":""},"class_list":["post-410","page","type-page","status-publish","hentry"],"acf":[],"jetpack_sharing_enabled":true,"_links":{"self":[{"href":"https:\/\/historisches-kirchhellen.de\/index.php?rest_route=\/wp\/v2\/pages\/410","targetHints":{"allow":["GET"]}}],"collection":[{"href":"https:\/\/historisches-kirchhellen.de\/index.php?rest_route=\/wp\/v2\/pages"}],"about":[{"href":"https:\/\/historisches-kirchhellen.de\/index.php?rest_route=\/wp\/v2\/types\/page"}],"author":[{"embeddable":true,"href":"https:\/\/historisches-kirchhellen.de\/index.php?rest_route=\/wp\/v2\/users\/1"}],"replies":[{"embeddable":true,"href":"https:\/\/historisches-kirchhellen.de\/index.php?rest_route=%2Fwp%2Fv2%2Fcomments&post=410"}],"version-history":[{"count":0,"href":"https:\/\/historisches-kirchhellen.de\/index.php?rest_route=\/wp\/v2\/pages\/410\/revisions"}],"up":[{"embeddable":true,"href":"https:\/\/historisches-kirchhellen.de\/index.php?rest_route=\/wp\/v2\/pages\/123"}],"wp:attachment":[{"href":"https:\/\/historisches-kirchhellen.de\/index.php?rest_route=%2Fwp%2Fv2%2Fmedia&parent=410"}],"curies":[{"name":"wp","href":"https:\/\/api.w.org\/{rel}","templated":true}]}}