{"id":414,"date":"2019-05-16T16:57:48","date_gmt":"2019-05-16T16:57:48","guid":{"rendered":"http:\/\/historisches-kirchhellen.de\/?page_id=414"},"modified":"2019-05-16T16:58:01","modified_gmt":"2019-05-16T16:58:01","slug":"hackfurthstrasse","status":"publish","type":"page","link":"https:\/\/historisches-kirchhellen.de\/?page_id=414","title":{"rendered":"Hackfurthstra\u00dfe"},"content":{"rendered":"\n<p>Die Hackfurthstra\u00dfe verbindet die Bottroper Stra\u00dfe s\u00fcdlich des Kirchhellener Ortskerns am Hof Hackfurth vorbei \u00fcber die A 31 mit der Dorstener Stra\u00dfe am Haus Beisenbusch an der Grenze zu Gladbeck.<\/p>\n\n\n\n<p>Die Stra\u00dfe hat ihren Namen von dem fr\u00fcheren Adelshaus Hackfurth, das am s\u00fcdwestlichen Abhang der h\u00f6chsten Erhebung Kirchhellens (75 m \u00fcber NN), dem Karnickelberg liegt. Es wundert also nicht, dass es, in der sumpfigen Niederung liegend, auch von dieser ihren Namen bezog, denn &#8222;Hach-&#8220; bedeutet nichts anderes als Wasser, Sumpfwasser. Durch die &#8222;Hache&#8220; ging nun eine seichte Stelle, ein Furt, und so ist der Name schnell erkl\u00e4rt.<\/p>\n\n\n\n<p>Die Hackfurthstra\u00dfe in ihrem heutigen Zustand ist gar nicht so alt. Im Messtischblatt von 1923 ist sie noch nicht eingezeichnet, doch der Name war bereits geboren, allerdings f\u00fcr eine andere Stra\u00dfe, n\u00e4mlich den Lippweg. Das 1954 berichtigte Messtischblatt nennt den Lippweg noch &#8222;Hackforter Stra\u00dfe&#8220;.<\/p>\n\n\n\n<p>Bis zum Zusammenschluss Kirchhellens mit Bottrop begann die Hackfurthstra\u00dfe erst am <a href=\"http:\/\/historisches-kirchhellen.de\/?page_id=341\">Kirchhellener Ring<\/a>. Das St\u00fcck von der Bottroper Stra\u00dfe bis dorthin hie\u00df S\u00fcdring.<\/p>\n","protected":false},"excerpt":{"rendered":"<p>Die Hackfurthstra\u00dfe verbindet die Bottroper Stra\u00dfe s\u00fcdlich des Kirchhellener Ortskerns am Hof Hackfurth vorbei \u00fcber die A 31 mit der Dorstener Stra\u00dfe am Haus Beisenbusch &hellip; <\/p>\n","protected":false},"author":1,"featured_media":0,"parent":123,"menu_order":137,"comment_status":"closed","ping_status":"closed","template":"","meta":{"_acf_changed":false,"footnotes":""},"class_list":["post-414","page","type-page","status-publish","hentry"],"acf":[],"jetpack_sharing_enabled":true,"_links":{"self":[{"href":"https:\/\/historisches-kirchhellen.de\/index.php?rest_route=\/wp\/v2\/pages\/414","targetHints":{"allow":["GET"]}}],"collection":[{"href":"https:\/\/historisches-kirchhellen.de\/index.php?rest_route=\/wp\/v2\/pages"}],"about":[{"href":"https:\/\/historisches-kirchhellen.de\/index.php?rest_route=\/wp\/v2\/types\/page"}],"author":[{"embeddable":true,"href":"https:\/\/historisches-kirchhellen.de\/index.php?rest_route=\/wp\/v2\/users\/1"}],"replies":[{"embeddable":true,"href":"https:\/\/historisches-kirchhellen.de\/index.php?rest_route=%2Fwp%2Fv2%2Fcomments&post=414"}],"version-history":[{"count":0,"href":"https:\/\/historisches-kirchhellen.de\/index.php?rest_route=\/wp\/v2\/pages\/414\/revisions"}],"up":[{"embeddable":true,"href":"https:\/\/historisches-kirchhellen.de\/index.php?rest_route=\/wp\/v2\/pages\/123"}],"wp:attachment":[{"href":"https:\/\/historisches-kirchhellen.de\/index.php?rest_route=%2Fwp%2Fv2%2Fmedia&parent=414"}],"curies":[{"name":"wp","href":"https:\/\/api.w.org\/{rel}","templated":true}]}}