{"id":417,"date":"2019-05-16T16:58:31","date_gmt":"2019-05-16T16:58:31","guid":{"rendered":"http:\/\/historisches-kirchhellen.de\/?page_id=417"},"modified":"2019-05-16T16:58:31","modified_gmt":"2019-05-16T16:58:31","slug":"hauptstrasse","status":"publish","type":"page","link":"https:\/\/historisches-kirchhellen.de\/?page_id=417","title":{"rendered":"Hauptstra\u00dfe"},"content":{"rendered":"\n<p>Die Hauptstra\u00dfe beginnt an der Bottroper Stra\u00dfe und geht mitten durch das Dorf. Vor der &#8222;Kommunalen Neuordnung&#8220; verlief sie bis in H\u00f6he der Gl\u00fcckauf-Apotheke, dann schluckte sie die gesamte Bahnhofstra\u00dfe, denn diese verlor ihren Namen, weil die Stadt Bottrop bereits eine solche besa\u00df.<\/p>\n\n\n\n<p>\u00dcbrigens war es nicht die Hauptstra\u00dfe, die im 19. Jahrhundert als erste eine Befestigung erhielt, sondern die Stra\u00dfe, die heute &#8222;Am alten Kirchplatz&#8220; hei\u00dft. Das war im Jahre 1834. Ganze f\u00fcnf Jahre hat dann der B\u00fcrgermeister Tourneau gebraucht, um die B\u00fcrger &#8222;in dem ach so schmutzigem Dorf&#8220; davon zu \u00fcberzeugen, dass nun auch die Hauptstra\u00dfe mit einem Pflaster versehen werden m\u00fcsste. Es sollte aber bis 1844 dauern, bis die gesamte (damalige) Hauptstra\u00dfe &#8222;&#8230; eine so sch\u00f6ne und dauerhafte Anlage&#8220; geworden war und &#8222;das sonst \u00e4u\u00dferst schmutzige und dadurch ungesunde Dorf &#8230; eins der freundlichsten&#8220; geworden ist.<\/p>\n","protected":false},"excerpt":{"rendered":"<p>Die Hauptstra\u00dfe beginnt an der Bottroper Stra\u00dfe und geht mitten durch das Dorf. Vor der &#8222;Kommunalen Neuordnung&#8220; verlief sie bis in H\u00f6he der Gl\u00fcckauf-Apotheke, dann &hellip; <\/p>\n","protected":false},"author":1,"featured_media":0,"parent":123,"menu_order":138,"comment_status":"closed","ping_status":"closed","template":"","meta":{"_acf_changed":false,"footnotes":""},"class_list":["post-417","page","type-page","status-publish","hentry"],"acf":[],"jetpack_sharing_enabled":true,"_links":{"self":[{"href":"https:\/\/historisches-kirchhellen.de\/index.php?rest_route=\/wp\/v2\/pages\/417","targetHints":{"allow":["GET"]}}],"collection":[{"href":"https:\/\/historisches-kirchhellen.de\/index.php?rest_route=\/wp\/v2\/pages"}],"about":[{"href":"https:\/\/historisches-kirchhellen.de\/index.php?rest_route=\/wp\/v2\/types\/page"}],"author":[{"embeddable":true,"href":"https:\/\/historisches-kirchhellen.de\/index.php?rest_route=\/wp\/v2\/users\/1"}],"replies":[{"embeddable":true,"href":"https:\/\/historisches-kirchhellen.de\/index.php?rest_route=%2Fwp%2Fv2%2Fcomments&post=417"}],"version-history":[{"count":0,"href":"https:\/\/historisches-kirchhellen.de\/index.php?rest_route=\/wp\/v2\/pages\/417\/revisions"}],"up":[{"embeddable":true,"href":"https:\/\/historisches-kirchhellen.de\/index.php?rest_route=\/wp\/v2\/pages\/123"}],"wp:attachment":[{"href":"https:\/\/historisches-kirchhellen.de\/index.php?rest_route=%2Fwp%2Fv2%2Fmedia&parent=417"}],"curies":[{"name":"wp","href":"https:\/\/api.w.org\/{rel}","templated":true}]}}