{"id":421,"date":"2019-05-16T17:12:37","date_gmt":"2019-05-16T17:12:37","guid":{"rendered":"http:\/\/historisches-kirchhellen.de\/?page_id=421"},"modified":"2019-05-16T17:12:37","modified_gmt":"2019-05-16T17:12:37","slug":"heideweg","status":"publish","type":"page","link":"https:\/\/historisches-kirchhellen.de\/?page_id=421","title":{"rendered":"Heideweg"},"content":{"rendered":"\n<p>Nahe der Dorstener Grenze verbindet er, die A 31 unterquerend,\u00a0die <a href=\"http:\/\/historisches-kirchhellen.de\/?page_id=312\">M\u00fcnsterstra\u00dfe<\/a> mit der <a href=\"http:\/\/historisches-kirchhellen.de\/?page_id=320\">Nordhellenstra\u00dfe<\/a>. Er f\u00fchrt in die noch ruhigsten Gebiete\u00a0Kirchhellens, n\u00e4mlich in das Naturschutzgebiet \u201ePostweg-Moore\u201c. <\/p>\n","protected":false},"excerpt":{"rendered":"<p>Nahe der Dorstener Grenze verbindet er, die A 31 unterquerend,\u00a0die M\u00fcnsterstra\u00dfe mit der Nordhellenstra\u00dfe. Er f\u00fchrt in die noch ruhigsten Gebiete\u00a0Kirchhellens, n\u00e4mlich in das Naturschutzgebiet &hellip; <\/p>\n","protected":false},"author":1,"featured_media":0,"parent":123,"menu_order":149,"comment_status":"closed","ping_status":"closed","template":"","meta":{"_acf_changed":false,"footnotes":""},"class_list":["post-421","page","type-page","status-publish","hentry"],"acf":[],"jetpack_sharing_enabled":true,"_links":{"self":[{"href":"https:\/\/historisches-kirchhellen.de\/index.php?rest_route=\/wp\/v2\/pages\/421","targetHints":{"allow":["GET"]}}],"collection":[{"href":"https:\/\/historisches-kirchhellen.de\/index.php?rest_route=\/wp\/v2\/pages"}],"about":[{"href":"https:\/\/historisches-kirchhellen.de\/index.php?rest_route=\/wp\/v2\/types\/page"}],"author":[{"embeddable":true,"href":"https:\/\/historisches-kirchhellen.de\/index.php?rest_route=\/wp\/v2\/users\/1"}],"replies":[{"embeddable":true,"href":"https:\/\/historisches-kirchhellen.de\/index.php?rest_route=%2Fwp%2Fv2%2Fcomments&post=421"}],"version-history":[{"count":0,"href":"https:\/\/historisches-kirchhellen.de\/index.php?rest_route=\/wp\/v2\/pages\/421\/revisions"}],"up":[{"embeddable":true,"href":"https:\/\/historisches-kirchhellen.de\/index.php?rest_route=\/wp\/v2\/pages\/123"}],"wp:attachment":[{"href":"https:\/\/historisches-kirchhellen.de\/index.php?rest_route=%2Fwp%2Fv2%2Fmedia&parent=421"}],"curies":[{"name":"wp","href":"https:\/\/api.w.org\/{rel}","templated":true}]}}