{"id":427,"date":"2019-05-16T17:14:44","date_gmt":"2019-05-16T17:14:44","guid":{"rendered":"http:\/\/historisches-kirchhellen.de\/?page_id=427"},"modified":"2019-05-16T18:01:10","modified_gmt":"2019-05-16T18:01:10","slug":"heinrich-grewer-strasse-2","status":"publish","type":"page","link":"https:\/\/historisches-kirchhellen.de\/?page_id=427","title":{"rendered":"Heinrich-Hertz-Stra\u00dfe"},"content":{"rendered":"\n<p>Diese Stra\u00dfe befindet sich im Kirchhellener Gewerbegebiet \u00f6stlich der <a href=\"http:\/\/historisches-kirchhellen.de\/?page_id=270\">Pelsstra\u00dfe<\/a>.<\/p>\n\n\n\n<p>Sie ist benannt nach Heinrich Hertz (geboren 1857, gestorben 1894), einer der bedeutensten Physiker des 19. Jahrhunderts, der durch den Nachweis elektromagnetischer Wellen bekannt wurde.<\/p>\n","protected":false},"excerpt":{"rendered":"<p>Diese Stra\u00dfe befindet sich im Kirchhellener Gewerbegebiet \u00f6stlich der Pelsstra\u00dfe. Sie ist benannt nach Heinrich Hertz (geboren 1857, gestorben 1894), einer der bedeutensten Physiker des &hellip; <\/p>\n","protected":false},"author":1,"featured_media":0,"parent":123,"menu_order":158,"comment_status":"closed","ping_status":"closed","template":"","meta":{"_acf_changed":false,"footnotes":""},"class_list":["post-427","page","type-page","status-publish","hentry"],"acf":[],"jetpack_sharing_enabled":true,"_links":{"self":[{"href":"https:\/\/historisches-kirchhellen.de\/index.php?rest_route=\/wp\/v2\/pages\/427","targetHints":{"allow":["GET"]}}],"collection":[{"href":"https:\/\/historisches-kirchhellen.de\/index.php?rest_route=\/wp\/v2\/pages"}],"about":[{"href":"https:\/\/historisches-kirchhellen.de\/index.php?rest_route=\/wp\/v2\/types\/page"}],"author":[{"embeddable":true,"href":"https:\/\/historisches-kirchhellen.de\/index.php?rest_route=\/wp\/v2\/users\/1"}],"replies":[{"embeddable":true,"href":"https:\/\/historisches-kirchhellen.de\/index.php?rest_route=%2Fwp%2Fv2%2Fcomments&post=427"}],"version-history":[{"count":0,"href":"https:\/\/historisches-kirchhellen.de\/index.php?rest_route=\/wp\/v2\/pages\/427\/revisions"}],"up":[{"embeddable":true,"href":"https:\/\/historisches-kirchhellen.de\/index.php?rest_route=\/wp\/v2\/pages\/123"}],"wp:attachment":[{"href":"https:\/\/historisches-kirchhellen.de\/index.php?rest_route=%2Fwp%2Fv2%2Fmedia&parent=427"}],"curies":[{"name":"wp","href":"https:\/\/api.w.org\/{rel}","templated":true}]}}