{"id":429,"date":"2019-05-16T17:15:28","date_gmt":"2019-05-16T17:15:28","guid":{"rendered":"http:\/\/historisches-kirchhellen.de\/?page_id=429"},"modified":"2019-05-18T11:42:09","modified_gmt":"2019-05-18T11:42:09","slug":"hellen-strasse","status":"publish","type":"page","link":"https:\/\/historisches-kirchhellen.de\/?page_id=429","title":{"rendered":"Hellen Stra\u00dfe"},"content":{"rendered":"\n<p>Die Hellen Stra\u00dfe ist eine Stra\u00dfe im Neubaugebiet Tappenhof und verl\u00e4uft vom <a href=\"http:\/\/historisches-kirchhellen.de\/?page_id=220\">Schlagkamp<\/a> aus zum <a href=\"http:\/\/historisches-kirchhellen.de\/?page_id=183\">Tappenhof<\/a>. <\/p>\n\n\n\n<p>Benannt ist sie nach der alten Ortsbezeichnung f\u00fcr Kirchhellen.<\/p>\n","protected":false},"excerpt":{"rendered":"<p>Die Hellen Stra\u00dfe ist eine Stra\u00dfe im Neubaugebiet Tappenhof und verl\u00e4uft vom Schlagkamp aus zum Tappenhof. Benannt ist sie nach der alten Ortsbezeichnung f\u00fcr Kirchhellen.<\/p>\n","protected":false},"author":1,"featured_media":0,"parent":123,"menu_order":160,"comment_status":"closed","ping_status":"closed","template":"","meta":{"_acf_changed":false,"footnotes":""},"class_list":["post-429","page","type-page","status-publish","hentry"],"acf":[],"jetpack_sharing_enabled":true,"_links":{"self":[{"href":"https:\/\/historisches-kirchhellen.de\/index.php?rest_route=\/wp\/v2\/pages\/429","targetHints":{"allow":["GET"]}}],"collection":[{"href":"https:\/\/historisches-kirchhellen.de\/index.php?rest_route=\/wp\/v2\/pages"}],"about":[{"href":"https:\/\/historisches-kirchhellen.de\/index.php?rest_route=\/wp\/v2\/types\/page"}],"author":[{"embeddable":true,"href":"https:\/\/historisches-kirchhellen.de\/index.php?rest_route=\/wp\/v2\/users\/1"}],"replies":[{"embeddable":true,"href":"https:\/\/historisches-kirchhellen.de\/index.php?rest_route=%2Fwp%2Fv2%2Fcomments&post=429"}],"version-history":[{"count":0,"href":"https:\/\/historisches-kirchhellen.de\/index.php?rest_route=\/wp\/v2\/pages\/429\/revisions"}],"up":[{"embeddable":true,"href":"https:\/\/historisches-kirchhellen.de\/index.php?rest_route=\/wp\/v2\/pages\/123"}],"wp:attachment":[{"href":"https:\/\/historisches-kirchhellen.de\/index.php?rest_route=%2Fwp%2Fv2%2Fmedia&parent=429"}],"curies":[{"name":"wp","href":"https:\/\/api.w.org\/{rel}","templated":true}]}}