{"id":431,"date":"2019-05-16T17:16:52","date_gmt":"2019-05-16T17:16:52","guid":{"rendered":"http:\/\/historisches-kirchhellen.de\/?page_id=431"},"modified":"2019-05-16T17:16:52","modified_gmt":"2019-05-16T17:16:52","slug":"hemmers-poehlken","status":"publish","type":"page","link":"https:\/\/historisches-kirchhellen.de\/?page_id=431","title":{"rendered":"Hemmers P\u00f6hlken"},"content":{"rendered":"\n<p>Hemmers P\u00f6hlken ist ein Verbindungsweg zwischen der Feldhausener\u00a0Stra\u00dfe und dem Kuhberg im Raume Feldhausen.W\u00e4hrend man sich in Kirchhellen (einige wenige Kirchhellener) bei der\u00a0Namengebung dieses Weges \u00fcber den doch so originellen und sicherlich nicht\u00a0allt\u00e4glichen Namen lustig machte, fand er in Feldhausen allgemeine Zustimmung. Denn das \u201eP\u00f6hlken\u201c, also der kleine Pfahl, war den Feldhausenern\u00a0durchaus seit alters her ein Begriff. Dort n\u00e4mlich, wo dieses P\u00f6hlken stand,\u00a0endete zum einen die Besitzung Hemmer, und zum anderen zeigte er den zum\u00a0Kuhberg laufenden Weg an. Er hatte aber noch eine andere Funktion: Dort,\u00a0im einsamen Feld, fern ab \u201evom Getriebe der Welt\u201c, trafen sich auch die Liebespaare zu einem ungest\u00f6rten Stelldichein. Man sieht, Hemmers P\u00f6hlken\u00a0war ein Begriff! Um dieses P\u00f6hlken rankt sich aber auch eine kuriose Begebenheit, die hier\u00a0erz\u00e4hlt werden soll.\u00a0<\/p>\n\n\n\n<p>Zwei junge Leute, vielleicht durch Alkohol mutig gemacht, z\u00fcndeten das&nbsp;P\u00f6hlken kurzerhand an. Nat\u00fcrlich blieb das dem Eigent\u00fcmer nicht verborgen. Ohne den Vorfall zu erw\u00e4hnen, lie\u00df er sich von dem einen \u00dcbelt\u00e4ter, der&nbsp;Schneider war, eine neue Weste machen. Als dieser ihm hierf\u00fcr die Rechnung&nbsp;pr\u00e4sentierte, legte ihm Hemmer eine Gegenrechnung in gleicher H\u00f6he vor.&nbsp;Der Schneider soll sie schmunzelnd akzeptiert haben, man hatte damals noch&nbsp;Sinn und Zeit f\u00fcr humorvolle Einf\u00e4lle.<\/p>\n","protected":false},"excerpt":{"rendered":"<p>Hemmers P\u00f6hlken ist ein Verbindungsweg zwischen der Feldhausener\u00a0Stra\u00dfe und dem Kuhberg im Raume Feldhausen.W\u00e4hrend man sich in Kirchhellen (einige wenige Kirchhellener) bei der\u00a0Namengebung dieses Weges &hellip; <\/p>\n","protected":false},"author":1,"featured_media":0,"parent":123,"menu_order":164,"comment_status":"closed","ping_status":"closed","template":"","meta":{"_acf_changed":false,"footnotes":""},"class_list":["post-431","page","type-page","status-publish","hentry"],"acf":[],"jetpack_sharing_enabled":true,"_links":{"self":[{"href":"https:\/\/historisches-kirchhellen.de\/index.php?rest_route=\/wp\/v2\/pages\/431","targetHints":{"allow":["GET"]}}],"collection":[{"href":"https:\/\/historisches-kirchhellen.de\/index.php?rest_route=\/wp\/v2\/pages"}],"about":[{"href":"https:\/\/historisches-kirchhellen.de\/index.php?rest_route=\/wp\/v2\/types\/page"}],"author":[{"embeddable":true,"href":"https:\/\/historisches-kirchhellen.de\/index.php?rest_route=\/wp\/v2\/users\/1"}],"replies":[{"embeddable":true,"href":"https:\/\/historisches-kirchhellen.de\/index.php?rest_route=%2Fwp%2Fv2%2Fcomments&post=431"}],"version-history":[{"count":0,"href":"https:\/\/historisches-kirchhellen.de\/index.php?rest_route=\/wp\/v2\/pages\/431\/revisions"}],"up":[{"embeddable":true,"href":"https:\/\/historisches-kirchhellen.de\/index.php?rest_route=\/wp\/v2\/pages\/123"}],"wp:attachment":[{"href":"https:\/\/historisches-kirchhellen.de\/index.php?rest_route=%2Fwp%2Fv2%2Fmedia&parent=431"}],"curies":[{"name":"wp","href":"https:\/\/api.w.org\/{rel}","templated":true}]}}