{"id":435,"date":"2019-05-16T17:22:27","date_gmt":"2019-05-16T17:22:27","guid":{"rendered":"http:\/\/historisches-kirchhellen.de\/?page_id=435"},"modified":"2019-05-16T17:22:27","modified_gmt":"2019-05-16T17:22:27","slug":"heuweg","status":"publish","type":"page","link":"https:\/\/historisches-kirchhellen.de\/?page_id=435","title":{"rendered":"Heuweg"},"content":{"rendered":"\n<p>Der Heuweg verbindet die <a href=\"http:\/\/historisches-kirchhellen.de\/?page_id=199\">Utschlagstra\u00dfe<\/a> \u00fcber die Hiesfelder Stra\u00dfe hinweg mit der <a href=\"http:\/\/historisches-kirchhellen.de\/?page_id=361\">Lehmschlenke<\/a>.\u00a0<br><br>Er wird seinen Namen nach den vielen dort liegenden Heuwiesen erhalten haben. Der Name ist sicherlich neueren Datums, obgleich es eine alte Flurbezeichnung \u201eHeuweg\u201c gibt, die aber nicht in diesem Bereich zu finden ist.\u00a0<br><br>Konstruieren wir an diesem Beispiel aber einmal eine andere, gar nicht so k\u00fchne Deutung:\u00a0Es gibt ja, wie erw\u00e4hnt, die Flurbezeichnung \u201eHeuweg\u201c. K\u00f6nnte diese Flurbezeichnung, wie andere in Kirchhellen, nicht auch pr\u00e4historischer Zeit entstammen und im Laufe der Jahrhunderte umgeformt worden sein? Wir h\u00e4tten es dann mit den beiden W\u00f6rtern \u201eHeu\u201c und \u201eWeg\u201c zu tun, m\u00fcssten uns aber von den heutigen Begriffen einmal g\u00e4nzlich l\u00f6sen.\u00a0<br><br>Es gibt im germanischen Sprachraum \u201eHeub\u00e4che\u201c, die Orte Heubach gleich mehrfach, den Heubach bei D\u00fclmen und Haltern, \u201eHeumarschen\u201c, \u201eHeuweiler\u201c, \u201eHeufurt\u201c, Heudorf\u201c und viele andere, die bei oberfl\u00e4chlichem Hinsehen schon mit \u201eHeu\u201c nichts zu tun haben k\u00f6nnen, sondern nichts anderes sind als eine Umformung von \u201ehey\u201c zu \u201eheu\u201c = Moor. Siehe: Heyda, Heyen (zweimal), Heyerode, Heyrothsberge u.a.\u00a0<br><br>Ebenso ist die Silbe \u201eWeg\u201c in vielen Zusammensetzungen&#8220;zu) finden: Wegebach, Wegfurt, Wegwiesen, Wegberg usw. Bei dem Wort Wegwiesen m\u00fcsste man sp\u00e4testens stutzig werden und an Weywiesen denken, eine Flur in Bottrop, die in ganzer L\u00e4nge vom Vorthbach durchflossen wird, bei der die mundartliche Umformung von \u201ewey\u201c zu \u201eweg\u201c deutlich wird. \u201eWey, wig, weg\u201c meint nichts anderes als Wasser. Denken wir hier auch an den Familiennamen \u201eWeik\u00e4mper\u201c\u201c. Wer das alte Haus \u201eWeik\u00e4mper&#8217;\u201c kennt, braucht nach einer Namenserkl\u00e4rung nicht lange zu suchen = der nasse Kamp. \u00dcbertragen auf unseren \u201eHeuweg\u201c w\u00e4ren wir dann bei \u201eMoorgew\u00e4sser\u201c. <\/p>\n","protected":false},"excerpt":{"rendered":"<p>Der Heuweg verbindet die Utschlagstra\u00dfe \u00fcber die Hiesfelder Stra\u00dfe hinweg mit der Lehmschlenke.\u00a0 Er wird seinen Namen nach den vielen dort liegenden Heuwiesen erhalten haben. &hellip; <\/p>\n","protected":false},"author":1,"featured_media":0,"parent":123,"menu_order":168,"comment_status":"closed","ping_status":"closed","template":"","meta":{"_acf_changed":false,"footnotes":""},"class_list":["post-435","page","type-page","status-publish","hentry"],"acf":[],"jetpack_sharing_enabled":true,"_links":{"self":[{"href":"https:\/\/historisches-kirchhellen.de\/index.php?rest_route=\/wp\/v2\/pages\/435","targetHints":{"allow":["GET"]}}],"collection":[{"href":"https:\/\/historisches-kirchhellen.de\/index.php?rest_route=\/wp\/v2\/pages"}],"about":[{"href":"https:\/\/historisches-kirchhellen.de\/index.php?rest_route=\/wp\/v2\/types\/page"}],"author":[{"embeddable":true,"href":"https:\/\/historisches-kirchhellen.de\/index.php?rest_route=\/wp\/v2\/users\/1"}],"replies":[{"embeddable":true,"href":"https:\/\/historisches-kirchhellen.de\/index.php?rest_route=%2Fwp%2Fv2%2Fcomments&post=435"}],"version-history":[{"count":0,"href":"https:\/\/historisches-kirchhellen.de\/index.php?rest_route=\/wp\/v2\/pages\/435\/revisions"}],"up":[{"embeddable":true,"href":"https:\/\/historisches-kirchhellen.de\/index.php?rest_route=\/wp\/v2\/pages\/123"}],"wp:attachment":[{"href":"https:\/\/historisches-kirchhellen.de\/index.php?rest_route=%2Fwp%2Fv2%2Fmedia&parent=435"}],"curies":[{"name":"wp","href":"https:\/\/api.w.org\/{rel}","templated":true}]}}