{"id":445,"date":"2019-05-16T17:25:27","date_gmt":"2019-05-16T17:25:27","guid":{"rendered":"http:\/\/historisches-kirchhellen.de\/?page_id=445"},"modified":"2019-05-18T12:41:47","modified_gmt":"2019-05-18T12:41:47","slug":"hofwiese","status":"publish","type":"page","link":"https:\/\/historisches-kirchhellen.de\/?page_id=445","title":{"rendered":"Hofwiese"},"content":{"rendered":"\n<p>Sie verbindet die <a href=\"http:\/\/historisches-kirchhellen.de\/?page_id=491\">Gahlener Stra\u00dfe<\/a> mit der <a href=\"http:\/\/historisches-kirchhellen.de\/?page_id=524\">Dinslakener Stra\u00dfe<\/a> in Nord-S\u00fcd-Richtung.<br><br>Den Namen hat sie von der Flurbezeichnung \u201eHofweide\u201c. Warum man\u00a0daraus eine Wiese gemacht hat, ist unerfindlich. Der Weg war Teil des Prozessionsweges der Kirchhellener Feld- oder Gro\u00dfen Prozession. An der Stra\u00dfe steht eine\u00a0Segensstation.<br><br>Aber auch in \u201eHofweide\u201c als Flurbezeichnung ist kein Sinn zu\u00a0erkennen. Wieso bezeichnet man sie nach einer (welcher?) Weide eines (welchen?) Hofes?\u00a0Das Wort Weide k\u00f6nnte auf das vorgermanische Wort \u201ewid\u201c zur\u00fcckgef\u00fchrt werden, ein Begriff, der gleichbedeutend ist mit Wasser (siehe: die Wied,\u00a0Wiedau = Kirchhellener Flurname, Wiedenest\/Olpe, Wieda, Wieden, Wiedenbr\u00fcck u.a.).<br><br>Zu &#8222;Hof&#8220; g\u00e4be es dann noch eine weitere Deutung: Hof k\u00f6nnte einmal\u00a0\u201ehove\u201c oder \u201eh\u00f6vel\u201c gehei\u00dfen haben und w\u00e4re dann gleichzusetzen mit Berg\u00a0oder H\u00fcgel. Siehe: H\u00f6velsberg in H\u00fcnxe oder der Kirchhellener Familienname H\u00f6vel, ebenso Sprockh\u00f6vel an der Lenne (ahd. \u201ehof\u201c = Anh\u00f6he; verwandt mit \u201ehoch\u201c). Wir k\u00e4men dann zu einem (vielleicht) urspr\u00fcnglichen\u00a0Wort: \u201eH\u00f6vewied\u201c, aus dem im Laufe der Zeit \u201eHofweide\u201c wurde. Auch die\u00a0topographischen Verh\u00e4ltnisse lie\u00dfen diese Deutung durchaus zu. <\/p>\n","protected":false},"excerpt":{"rendered":"<p>Sie verbindet die Gahlener Stra\u00dfe mit der Dinslakener Stra\u00dfe in Nord-S\u00fcd-Richtung. Den Namen hat sie von der Flurbezeichnung \u201eHofweide\u201c. Warum man\u00a0daraus eine Wiese gemacht hat, &hellip; <\/p>\n","protected":false},"author":1,"featured_media":0,"parent":123,"menu_order":181,"comment_status":"closed","ping_status":"closed","template":"","meta":{"_acf_changed":false,"footnotes":""},"class_list":["post-445","page","type-page","status-publish","hentry"],"acf":[],"jetpack_sharing_enabled":true,"_links":{"self":[{"href":"https:\/\/historisches-kirchhellen.de\/index.php?rest_route=\/wp\/v2\/pages\/445","targetHints":{"allow":["GET"]}}],"collection":[{"href":"https:\/\/historisches-kirchhellen.de\/index.php?rest_route=\/wp\/v2\/pages"}],"about":[{"href":"https:\/\/historisches-kirchhellen.de\/index.php?rest_route=\/wp\/v2\/types\/page"}],"author":[{"embeddable":true,"href":"https:\/\/historisches-kirchhellen.de\/index.php?rest_route=\/wp\/v2\/users\/1"}],"replies":[{"embeddable":true,"href":"https:\/\/historisches-kirchhellen.de\/index.php?rest_route=%2Fwp%2Fv2%2Fcomments&post=445"}],"version-history":[{"count":0,"href":"https:\/\/historisches-kirchhellen.de\/index.php?rest_route=\/wp\/v2\/pages\/445\/revisions"}],"up":[{"embeddable":true,"href":"https:\/\/historisches-kirchhellen.de\/index.php?rest_route=\/wp\/v2\/pages\/123"}],"wp:attachment":[{"href":"https:\/\/historisches-kirchhellen.de\/index.php?rest_route=%2Fwp%2Fv2%2Fmedia&parent=445"}],"curies":[{"name":"wp","href":"https:\/\/api.w.org\/{rel}","templated":true}]}}