{"id":453,"date":"2019-05-16T17:27:45","date_gmt":"2019-05-16T17:27:45","guid":{"rendered":"http:\/\/historisches-kirchhellen.de\/?page_id=453"},"modified":"2020-01-09T20:19:16","modified_gmt":"2020-01-09T18:19:16","slug":"holthausener-strasse","status":"publish","type":"page","link":"https:\/\/historisches-kirchhellen.de\/?page_id=453","title":{"rendered":"Holthausener Stra\u00dfe"},"content":{"rendered":"\n<p>Diese Stra\u00dfe f\u00fchrt durch die Bauerschaft Holthausen von der <a href=\"http:\/\/historisches-kirchhellen.de\/?page_id=128\">Alleestra\u00dfe<\/a> bei\u00a0Dobbe bis zum <a href=\"http:\/\/historisches-kirchhellen.de\/?page_id=130\">Alten Postweg<\/a> gegen\u00fcber der ehemaligen Zeche Prosper IV. <\/p>\n\n\n\n<p>Holt ist hier Holz, Wald, und Hausen bezeichnet das Siedlungsgebiet, das&nbsp;im Xantener Stiftsregister (ab 13. Jahrhundert) bereits vier H\u00f6fe auff\u00fchrt.&nbsp;Man hat vergeblich versucht, diese vier H\u00f6fe namhaft zumachen.&nbsp;Soviel steht allerdings fest, einer dieser&nbsp;H\u00f6fe war Holthaus (heute Miermann), der andere Haseke. Bei&nbsp;den beiden anderen sind wir auf Vermutungen angewiesen: Haake, Miermann, Janinhoff? <\/p>\n","protected":false},"excerpt":{"rendered":"<p>Diese Stra\u00dfe f\u00fchrt durch die Bauerschaft Holthausen von der Alleestra\u00dfe bei\u00a0Dobbe bis zum Alten Postweg gegen\u00fcber der ehemaligen Zeche Prosper IV. Holt ist hier Holz, &hellip; <\/p>\n","protected":false},"author":1,"featured_media":0,"parent":123,"menu_order":197,"comment_status":"closed","ping_status":"closed","template":"","meta":{"_acf_changed":false,"footnotes":""},"class_list":["post-453","page","type-page","status-publish","hentry"],"acf":[],"jetpack_sharing_enabled":true,"_links":{"self":[{"href":"https:\/\/historisches-kirchhellen.de\/index.php?rest_route=\/wp\/v2\/pages\/453","targetHints":{"allow":["GET"]}}],"collection":[{"href":"https:\/\/historisches-kirchhellen.de\/index.php?rest_route=\/wp\/v2\/pages"}],"about":[{"href":"https:\/\/historisches-kirchhellen.de\/index.php?rest_route=\/wp\/v2\/types\/page"}],"author":[{"embeddable":true,"href":"https:\/\/historisches-kirchhellen.de\/index.php?rest_route=\/wp\/v2\/users\/1"}],"replies":[{"embeddable":true,"href":"https:\/\/historisches-kirchhellen.de\/index.php?rest_route=%2Fwp%2Fv2%2Fcomments&post=453"}],"version-history":[{"count":0,"href":"https:\/\/historisches-kirchhellen.de\/index.php?rest_route=\/wp\/v2\/pages\/453\/revisions"}],"up":[{"embeddable":true,"href":"https:\/\/historisches-kirchhellen.de\/index.php?rest_route=\/wp\/v2\/pages\/123"}],"wp:attachment":[{"href":"https:\/\/historisches-kirchhellen.de\/index.php?rest_route=%2Fwp%2Fv2%2Fmedia&parent=453"}],"curies":[{"name":"wp","href":"https:\/\/api.w.org\/{rel}","templated":true}]}}