{"id":461,"date":"2019-05-16T17:29:31","date_gmt":"2019-05-16T17:29:31","guid":{"rendered":"http:\/\/historisches-kirchhellen.de\/?page_id=461"},"modified":"2019-05-16T17:29:31","modified_gmt":"2019-05-16T17:29:31","slug":"falkenweg","status":"publish","type":"page","link":"https:\/\/historisches-kirchhellen.de\/?page_id=461","title":{"rendered":"Falkenweg"},"content":{"rendered":"\n<p>Der Falkenweg ist einer der &#8222;Vogelwege&#8220; im Wohngebiet Eichenkamp. Die Falken z\u00e4hlen zur Familie der Tagraubv\u00f6gel und sind in Europa durch mehrere Gattungen vertreten: Wanderfalke, W\u00fcrgefalke (S\u00fcdosteuropa), Gerfalke (Norwegen\/Island), Jagdfalke, Baumfalke, Turmfalke. Letzterer ist bei uns h\u00e4ufig anzutreffen. <\/p>\n","protected":false},"excerpt":{"rendered":"<p>Der Falkenweg ist einer der &#8222;Vogelwege&#8220; im Wohngebiet Eichenkamp. Die Falken z\u00e4hlen zur Familie der Tagraubv\u00f6gel und sind in Europa durch mehrere Gattungen vertreten: Wanderfalke, &hellip; <\/p>\n","protected":false},"author":1,"featured_media":0,"parent":123,"menu_order":207,"comment_status":"closed","ping_status":"closed","template":"","meta":{"_acf_changed":false,"footnotes":""},"class_list":["post-461","page","type-page","status-publish","hentry"],"acf":[],"jetpack_sharing_enabled":true,"_links":{"self":[{"href":"https:\/\/historisches-kirchhellen.de\/index.php?rest_route=\/wp\/v2\/pages\/461","targetHints":{"allow":["GET"]}}],"collection":[{"href":"https:\/\/historisches-kirchhellen.de\/index.php?rest_route=\/wp\/v2\/pages"}],"about":[{"href":"https:\/\/historisches-kirchhellen.de\/index.php?rest_route=\/wp\/v2\/types\/page"}],"author":[{"embeddable":true,"href":"https:\/\/historisches-kirchhellen.de\/index.php?rest_route=\/wp\/v2\/users\/1"}],"replies":[{"embeddable":true,"href":"https:\/\/historisches-kirchhellen.de\/index.php?rest_route=%2Fwp%2Fv2%2Fcomments&post=461"}],"version-history":[{"count":0,"href":"https:\/\/historisches-kirchhellen.de\/index.php?rest_route=\/wp\/v2\/pages\/461\/revisions"}],"up":[{"embeddable":true,"href":"https:\/\/historisches-kirchhellen.de\/index.php?rest_route=\/wp\/v2\/pages\/123"}],"wp:attachment":[{"href":"https:\/\/historisches-kirchhellen.de\/index.php?rest_route=%2Fwp%2Fv2%2Fmedia&parent=461"}],"curies":[{"name":"wp","href":"https:\/\/api.w.org\/{rel}","templated":true}]}}