{"id":467,"date":"2019-05-16T17:30:34","date_gmt":"2019-05-16T17:30:34","guid":{"rendered":"http:\/\/historisches-kirchhellen.de\/?page_id=467"},"modified":"2019-05-16T17:30:34","modified_gmt":"2019-05-16T17:30:34","slug":"feldstrasse","status":"publish","type":"page","link":"https:\/\/historisches-kirchhellen.de\/?page_id=467","title":{"rendered":"Feldstra\u00dfe"},"content":{"rendered":"\n<p>Sie schafft die Verbindung zwischen Burgstra\u00dfe und Bottroper Stra\u00dfe an der Neuapostolischen Kirche vorbei. Sicherlich hat man sie nach den dort im Flurst\u00fcck gelegenen &#8222;M\u00fchlerts Feld&#8220; und &#8222;K\u00f6rtlingsfeld&#8220; benannt. <\/p>\n","protected":false},"excerpt":{"rendered":"<p>Sie schafft die Verbindung zwischen Burgstra\u00dfe und Bottroper Stra\u00dfe an der Neuapostolischen Kirche vorbei. Sicherlich hat man sie nach den dort im Flurst\u00fcck gelegenen &#8222;M\u00fchlerts &hellip; <\/p>\n","protected":false},"author":1,"featured_media":0,"parent":123,"menu_order":217,"comment_status":"closed","ping_status":"closed","template":"","meta":{"_acf_changed":false,"footnotes":""},"class_list":["post-467","page","type-page","status-publish","hentry"],"acf":[],"jetpack_sharing_enabled":true,"_links":{"self":[{"href":"https:\/\/historisches-kirchhellen.de\/index.php?rest_route=\/wp\/v2\/pages\/467","targetHints":{"allow":["GET"]}}],"collection":[{"href":"https:\/\/historisches-kirchhellen.de\/index.php?rest_route=\/wp\/v2\/pages"}],"about":[{"href":"https:\/\/historisches-kirchhellen.de\/index.php?rest_route=\/wp\/v2\/types\/page"}],"author":[{"embeddable":true,"href":"https:\/\/historisches-kirchhellen.de\/index.php?rest_route=\/wp\/v2\/users\/1"}],"replies":[{"embeddable":true,"href":"https:\/\/historisches-kirchhellen.de\/index.php?rest_route=%2Fwp%2Fv2%2Fcomments&post=467"}],"version-history":[{"count":0,"href":"https:\/\/historisches-kirchhellen.de\/index.php?rest_route=\/wp\/v2\/pages\/467\/revisions"}],"up":[{"embeddable":true,"href":"https:\/\/historisches-kirchhellen.de\/index.php?rest_route=\/wp\/v2\/pages\/123"}],"wp:attachment":[{"href":"https:\/\/historisches-kirchhellen.de\/index.php?rest_route=%2Fwp%2Fv2%2Fmedia&parent=467"}],"curies":[{"name":"wp","href":"https:\/\/api.w.org\/{rel}","templated":true}]}}