{"id":473,"date":"2019-05-16T17:32:45","date_gmt":"2019-05-16T17:32:45","guid":{"rendered":"http:\/\/historisches-kirchhellen.de\/?page_id=473"},"modified":"2019-05-16T17:32:45","modified_gmt":"2019-05-16T17:32:45","slug":"horsthofstrasse","status":"publish","type":"page","link":"https:\/\/historisches-kirchhellen.de\/?page_id=473","title":{"rendered":"Horsthofstra\u00dfe"},"content":{"rendered":"\n<p>Die Horsthofstra\u00dfe beginnt an der <a href=\"http:\/\/historisches-kirchhellen.de\/?page_id=414\">Hackfurthstra\u00dfe<\/a> gegen\u00fcber der Einm\u00fcndung Dorfheide\u00a0und l\u00e4uft nord\u00f6stlicher bzw. n\u00f6rdlicher Richtung auf den ehemaligen Bahnhof zu, auf die jetzige <a href=\"http:\/\/historisches-kirchhellen.de\/?page_id=417\">Hauptstra\u00dfe<\/a>.<br><br>Die Stra\u00dfe ist benannt nach dem fr\u00fcheren Horsthof, der bereits im Jahre\u00a01660 im Kurf\u00fcrstlichen Lagerbuch erw\u00e4hnt wurde. Er lag zwischen Hauptstra\u00dfe und Horsthofstra\u00dfe. Der Brennereibesitzer K\u00f6rner heiratete die\u00a0Hoferbin Horsthof, sodass der Besitz an K\u00f6rner \u00fcberging.<br><br>Die Silbe \u201eHorst\u201c als Dickicht, Geb\u00fcsch, oder als eine hervortretende\u00a0gr\u00f6\u00dfere Baumgruppe zu deuten, ist sicherlich m\u00f6glich.<br>Da aber der Sch\u00f6lsbach das gesamte Gel\u00e4nde des ehemaligen Hofes durchflie\u00dft, w\u00e4re auch eine andere Deutung zu erw\u00e4gen. Zun\u00e4chst m\u00fcssten\u00a0wir das \u201et\u201c, das der besseren Aussprache wegen sp\u00e4ter eingef\u00fcgt sein k\u00f6nnte,\u00a0streichen.<br><br>\u201eHors\u201c k\u00f6nnte dann mit dem englischen \u201ehorse\u201c = Pferd etwas zu\u00a0tun haben, mithin w\u00e4re der Horsthof ein Pferdehof gewesen. Diese Annahme\u00a0ist aber zu unwahrscheinlich. Da die Silbe \u201ehors\u201c hundertfach in \u00e4hnlichen\u00a0Zusammensetzungen von Ortsnamen vorkommt, h\u00e4tten wir hier wieder einmal ein Musterbeispiel f\u00fcr ein Versagen aller W\u00f6rterb\u00fccher.<br>Die Silbe \u201eHors\u201c deutet\u00a0vielmehr auf Sumpf- und Moorw\u00e4sser (hier Sch\u00f6lsbach). <\/p>\n","protected":false},"excerpt":{"rendered":"<p>Die Horsthofstra\u00dfe beginnt an der Hackfurthstra\u00dfe gegen\u00fcber der Einm\u00fcndung Dorfheide\u00a0und l\u00e4uft nord\u00f6stlicher bzw. n\u00f6rdlicher Richtung auf den ehemaligen Bahnhof zu, auf die jetzige Hauptstra\u00dfe. Die &hellip; <\/p>\n","protected":false},"author":1,"featured_media":0,"parent":123,"menu_order":223,"comment_status":"closed","ping_status":"closed","template":"","meta":{"_acf_changed":false,"footnotes":""},"class_list":["post-473","page","type-page","status-publish","hentry"],"acf":[],"jetpack_sharing_enabled":true,"_links":{"self":[{"href":"https:\/\/historisches-kirchhellen.de\/index.php?rest_route=\/wp\/v2\/pages\/473","targetHints":{"allow":["GET"]}}],"collection":[{"href":"https:\/\/historisches-kirchhellen.de\/index.php?rest_route=\/wp\/v2\/pages"}],"about":[{"href":"https:\/\/historisches-kirchhellen.de\/index.php?rest_route=\/wp\/v2\/types\/page"}],"author":[{"embeddable":true,"href":"https:\/\/historisches-kirchhellen.de\/index.php?rest_route=\/wp\/v2\/users\/1"}],"replies":[{"embeddable":true,"href":"https:\/\/historisches-kirchhellen.de\/index.php?rest_route=%2Fwp%2Fv2%2Fcomments&post=473"}],"version-history":[{"count":0,"href":"https:\/\/historisches-kirchhellen.de\/index.php?rest_route=\/wp\/v2\/pages\/473\/revisions"}],"up":[{"embeddable":true,"href":"https:\/\/historisches-kirchhellen.de\/index.php?rest_route=\/wp\/v2\/pages\/123"}],"wp:attachment":[{"href":"https:\/\/historisches-kirchhellen.de\/index.php?rest_route=%2Fwp%2Fv2%2Fmedia&parent=473"}],"curies":[{"name":"wp","href":"https:\/\/api.w.org\/{rel}","templated":true}]}}