{"id":477,"date":"2019-05-16T17:33:56","date_gmt":"2019-05-16T17:33:56","guid":{"rendered":"http:\/\/historisches-kirchhellen.de\/?page_id=477"},"modified":"2019-05-16T17:33:56","modified_gmt":"2019-05-16T17:33:56","slug":"flugplatzstrasse","status":"publish","type":"page","link":"https:\/\/historisches-kirchhellen.de\/?page_id=477","title":{"rendered":"Flugplatzstra\u00dfe"},"content":{"rendered":"\n<p>Diese Stra\u00dfe f\u00fchrt von der Dinslakener Stra\u00dfe zum Sportflugplatz Schwarze Heide. Kurz vor Beginn des Zweiten Weltkriegs wurde das Gel\u00e4nde n\u00f6rdlich der Dinslakener Stra\u00dfe zu einem Milit\u00e4rflugplatz umgebaut. Von dort aus startete die Luftwaffe im Jahre 1940 ihre Angriffe nach Holland und Belgien. Nach dem Kriege funktionierte eine Flugplatzgesellschaft einen Teil der Gesamtfl\u00e4che zu einem Start- und Landeplatz f\u00fcr Klein- und Segelflugzeuge um. <\/p>\n","protected":false},"excerpt":{"rendered":"<p>Diese Stra\u00dfe f\u00fchrt von der Dinslakener Stra\u00dfe zum Sportflugplatz Schwarze Heide. Kurz vor Beginn des Zweiten Weltkriegs wurde das Gel\u00e4nde n\u00f6rdlich der Dinslakener Stra\u00dfe zu &hellip; <\/p>\n","protected":false},"author":1,"featured_media":0,"parent":123,"menu_order":225,"comment_status":"closed","ping_status":"closed","template":"","meta":{"_acf_changed":false,"footnotes":""},"class_list":["post-477","page","type-page","status-publish","hentry"],"acf":[],"jetpack_sharing_enabled":true,"_links":{"self":[{"href":"https:\/\/historisches-kirchhellen.de\/index.php?rest_route=\/wp\/v2\/pages\/477","targetHints":{"allow":["GET"]}}],"collection":[{"href":"https:\/\/historisches-kirchhellen.de\/index.php?rest_route=\/wp\/v2\/pages"}],"about":[{"href":"https:\/\/historisches-kirchhellen.de\/index.php?rest_route=\/wp\/v2\/types\/page"}],"author":[{"embeddable":true,"href":"https:\/\/historisches-kirchhellen.de\/index.php?rest_route=\/wp\/v2\/users\/1"}],"replies":[{"embeddable":true,"href":"https:\/\/historisches-kirchhellen.de\/index.php?rest_route=%2Fwp%2Fv2%2Fcomments&post=477"}],"version-history":[{"count":0,"href":"https:\/\/historisches-kirchhellen.de\/index.php?rest_route=\/wp\/v2\/pages\/477\/revisions"}],"up":[{"embeddable":true,"href":"https:\/\/historisches-kirchhellen.de\/index.php?rest_route=\/wp\/v2\/pages\/123"}],"wp:attachment":[{"href":"https:\/\/historisches-kirchhellen.de\/index.php?rest_route=%2Fwp%2Fv2%2Fmedia&parent=477"}],"curies":[{"name":"wp","href":"https:\/\/api.w.org\/{rel}","templated":true}]}}