{"id":48,"date":"2019-05-13T19:43:44","date_gmt":"2019-05-13T19:43:44","guid":{"rendered":"http:\/\/historisches-kirchhellen.de\/?page_id=48"},"modified":"2023-11-24T12:41:28","modified_gmt":"2023-11-24T10:41:28","slug":"startseite","status":"publish","type":"page","link":"https:\/\/historisches-kirchhellen.de\/","title":{"rendered":"Herzlich Willkommen auf der Homepage zur Kirchhellener Geschichte!"},"content":{"rendered":"\n<p><strong>\u00dcber Kirchhellen<\/strong><\/p>\n\n\n<div class=\"wp-block-image\">\n<figure class=\"alignright size-large is-resized\"><img loading=\"lazy\" decoding=\"async\" width=\"558\" height=\"693\" src=\"http:\/\/historisches-kirchhellen.de\/wp-content\/uploads\/2019\/12\/Scan-Kopie-4-rotated.jpg\" alt=\"\" class=\"wp-image-1631\" style=\"width:151px;height:187px\" srcset=\"https:\/\/historisches-kirchhellen.de\/wp-content\/uploads\/2019\/12\/Scan-Kopie-4-rotated.jpg 558w, https:\/\/historisches-kirchhellen.de\/wp-content\/uploads\/2019\/12\/Scan-Kopie-4-242x300.jpg 242w\" sizes=\"auto, (max-width: 558px) 100vw, 558px\" \/><\/figure>\n<\/div>\n\n\n<p class=\"has-text-align-justify\">Das ehemalige Dorf Kirchhellen an der Grenze zwischen Ruhrgebiet und M\u00fcnsterland hat sich seit der Nachkriegszeit zu einem Ort mit \u00fcber 20.000 Einwohnern entwickelt. Neben den gr\u00f6\u00dferen Ortsteilen Kirchhellen-Mitte, Grafenwald und Feldhausen gibt es die ehemaligen Bauerschaften Holthausen, Hardinghausen, Ekel und Overhagen. Im Norden grenzt Kirchhellen an Dorsten und Schermbeck, im Westen an Dinslaken, H\u00fcnxe und Oberhausen, im S\u00fcden an Bottrop und im Osten an Gladbeck.<\/p>\n\n\n\n<p class=\"has-text-align-justify\">In der Umgebung bekannt ist Kirchhellen vor allem durch das alle drei Jahre stattfindende Sch\u00fctzen- und Brezelfest und auch \u00fcberregional durch die im Ortsteil Feldhausen gelegenen Freizeitparks Schloss Beck und Movie Park Germany. Die Kirchheller Heide ist gr\u00f6\u00dftenteils Naturschutzgebiet und l\u00e4dt zu ausgiebigen Spazierg\u00e4ngen und Fahrradtouren ein.  <\/p>\n","protected":false},"excerpt":{"rendered":"<p>\u00dcber Kirchhellen Das ehemalige Dorf Kirchhellen an der Grenze zwischen Ruhrgebiet und M\u00fcnsterland hat sich seit der Nachkriegszeit zu einem Ort mit \u00fcber 20.000 Einwohnern &hellip; <\/p>\n","protected":false},"author":1,"featured_media":0,"parent":0,"menu_order":2,"comment_status":"closed","ping_status":"closed","template":"","meta":{"_acf_changed":false,"footnotes":""},"class_list":["post-48","page","type-page","status-publish","hentry"],"acf":[],"jetpack_sharing_enabled":true,"_links":{"self":[{"href":"https:\/\/historisches-kirchhellen.de\/index.php?rest_route=\/wp\/v2\/pages\/48","targetHints":{"allow":["GET"]}}],"collection":[{"href":"https:\/\/historisches-kirchhellen.de\/index.php?rest_route=\/wp\/v2\/pages"}],"about":[{"href":"https:\/\/historisches-kirchhellen.de\/index.php?rest_route=\/wp\/v2\/types\/page"}],"author":[{"embeddable":true,"href":"https:\/\/historisches-kirchhellen.de\/index.php?rest_route=\/wp\/v2\/users\/1"}],"replies":[{"embeddable":true,"href":"https:\/\/historisches-kirchhellen.de\/index.php?rest_route=%2Fwp%2Fv2%2Fcomments&post=48"}],"version-history":[{"count":1,"href":"https:\/\/historisches-kirchhellen.de\/index.php?rest_route=\/wp\/v2\/pages\/48\/revisions"}],"predecessor-version":[{"id":22646,"href":"https:\/\/historisches-kirchhellen.de\/index.php?rest_route=\/wp\/v2\/pages\/48\/revisions\/22646"}],"wp:attachment":[{"href":"https:\/\/historisches-kirchhellen.de\/index.php?rest_route=%2Fwp%2Fv2%2Fmedia&parent=48"}],"curies":[{"name":"wp","href":"https:\/\/api.w.org\/{rel}","templated":true}]}}