{"id":493,"date":"2019-05-16T17:38:24","date_gmt":"2019-05-16T17:38:24","guid":{"rendered":"http:\/\/historisches-kirchhellen.de\/?page_id=493"},"modified":"2019-05-16T17:38:24","modified_gmt":"2019-05-16T17:38:24","slug":"gartenstrasse","status":"publish","type":"page","link":"https:\/\/historisches-kirchhellen.de\/?page_id=493","title":{"rendered":"Gartenstra\u00dfe"},"content":{"rendered":"\n<p>Bis kurz nach dem Zweiten Weltkrieg lagen die Hausg\u00e4rten Kirchhellens entlang der <a href=\"http:\/\/historisches-kirchhellen.de\/?page_id=417\">Hauptstra\u00dfe<\/a>, von der Bottroper Stra\u00dfe bis zur Einm\u00fcndung der Gartenstra\u00dfe neben dem Eiscafe Pisa. Von dort setzten sich die G\u00e4rten bis \u00fcber das Krankenhaus hinaus fort. Die alte Flurbezeichnung hie\u00df: &#8222;Die G\u00e4rten&#8220;. Die Gartenstra\u00dfe, die fr\u00fcher an die Hauptstra\u00dfe angebunden war, f\u00fchrt heute \u00fcber den <a href=\"http:\/\/historisches-kirchhellen.de\/?page_id=341\">Kirchhellener Ring<\/a> bis zur <a href=\"http:\/\/historisches-kirchhellen.de\/?page_id=270\">Pelsstra\u00dfe<\/a>. <\/p>\n","protected":false},"excerpt":{"rendered":"<p>Bis kurz nach dem Zweiten Weltkrieg lagen die Hausg\u00e4rten Kirchhellens entlang der Hauptstra\u00dfe, von der Bottroper Stra\u00dfe bis zur Einm\u00fcndung der Gartenstra\u00dfe neben dem Eiscafe &hellip; <\/p>\n","protected":false},"author":1,"featured_media":0,"parent":123,"menu_order":240,"comment_status":"closed","ping_status":"closed","template":"","meta":{"_acf_changed":false,"footnotes":""},"class_list":["post-493","page","type-page","status-publish","hentry"],"acf":[],"jetpack_sharing_enabled":true,"_links":{"self":[{"href":"https:\/\/historisches-kirchhellen.de\/index.php?rest_route=\/wp\/v2\/pages\/493","targetHints":{"allow":["GET"]}}],"collection":[{"href":"https:\/\/historisches-kirchhellen.de\/index.php?rest_route=\/wp\/v2\/pages"}],"about":[{"href":"https:\/\/historisches-kirchhellen.de\/index.php?rest_route=\/wp\/v2\/types\/page"}],"author":[{"embeddable":true,"href":"https:\/\/historisches-kirchhellen.de\/index.php?rest_route=\/wp\/v2\/users\/1"}],"replies":[{"embeddable":true,"href":"https:\/\/historisches-kirchhellen.de\/index.php?rest_route=%2Fwp%2Fv2%2Fcomments&post=493"}],"version-history":[{"count":0,"href":"https:\/\/historisches-kirchhellen.de\/index.php?rest_route=\/wp\/v2\/pages\/493\/revisions"}],"up":[{"embeddable":true,"href":"https:\/\/historisches-kirchhellen.de\/index.php?rest_route=\/wp\/v2\/pages\/123"}],"wp:attachment":[{"href":"https:\/\/historisches-kirchhellen.de\/index.php?rest_route=%2Fwp%2Fv2%2Fmedia&parent=493"}],"curies":[{"name":"wp","href":"https:\/\/api.w.org\/{rel}","templated":true}]}}