{"id":495,"date":"2019-05-16T17:38:55","date_gmt":"2019-05-16T17:38:55","guid":{"rendered":"http:\/\/historisches-kirchhellen.de\/?page_id=495"},"modified":"2019-05-16T17:38:55","modified_gmt":"2019-05-16T17:38:55","slug":"geitlingsweg","status":"publish","type":"page","link":"https:\/\/historisches-kirchhellen.de\/?page_id=495","title":{"rendered":"Geitlingsweg"},"content":{"rendered":"\n<p>Der Geitlingsweg ist eine Stichstra\u00dfe von der Bottroper Stra\u00dfe s\u00fcdlich der Einm\u00fcndung der <a href=\"http:\/\/historisches-kirchhellen.de\/?page_id=230\">Schneiderstra\u00dfe<\/a> in Richtung Westen. Benannt ist der Weg nach dem fr\u00fcher dort gelegenen Hof Geitling. <\/p>\n","protected":false},"excerpt":{"rendered":"<p>Der Geitlingsweg ist eine Stichstra\u00dfe von der Bottroper Stra\u00dfe s\u00fcdlich der Einm\u00fcndung der Schneiderstra\u00dfe in Richtung Westen. Benannt ist der Weg nach dem fr\u00fcher dort &hellip; <\/p>\n","protected":false},"author":1,"featured_media":0,"parent":123,"menu_order":241,"comment_status":"closed","ping_status":"closed","template":"","meta":{"_acf_changed":false,"footnotes":""},"class_list":["post-495","page","type-page","status-publish","hentry"],"acf":[],"jetpack_sharing_enabled":true,"_links":{"self":[{"href":"https:\/\/historisches-kirchhellen.de\/index.php?rest_route=\/wp\/v2\/pages\/495","targetHints":{"allow":["GET"]}}],"collection":[{"href":"https:\/\/historisches-kirchhellen.de\/index.php?rest_route=\/wp\/v2\/pages"}],"about":[{"href":"https:\/\/historisches-kirchhellen.de\/index.php?rest_route=\/wp\/v2\/types\/page"}],"author":[{"embeddable":true,"href":"https:\/\/historisches-kirchhellen.de\/index.php?rest_route=\/wp\/v2\/users\/1"}],"replies":[{"embeddable":true,"href":"https:\/\/historisches-kirchhellen.de\/index.php?rest_route=%2Fwp%2Fv2%2Fcomments&post=495"}],"version-history":[{"count":0,"href":"https:\/\/historisches-kirchhellen.de\/index.php?rest_route=\/wp\/v2\/pages\/495\/revisions"}],"up":[{"embeddable":true,"href":"https:\/\/historisches-kirchhellen.de\/index.php?rest_route=\/wp\/v2\/pages\/123"}],"wp:attachment":[{"href":"https:\/\/historisches-kirchhellen.de\/index.php?rest_route=%2Fwp%2Fv2%2Fmedia&parent=495"}],"curies":[{"name":"wp","href":"https:\/\/api.w.org\/{rel}","templated":true}]}}