{"id":503,"date":"2019-05-16T17:41:28","date_gmt":"2019-05-16T17:41:28","guid":{"rendered":"http:\/\/historisches-kirchhellen.de\/?page_id=503"},"modified":"2019-05-16T17:41:38","modified_gmt":"2019-05-16T17:41:38","slug":"goldbredde","status":"publish","type":"page","link":"https:\/\/historisches-kirchhellen.de\/?page_id=503","title":{"rendered":"Goldbredde"},"content":{"rendered":"\n<p>Die Goldbredde ist ein Weg, der zwischen <a href=\"http:\/\/historisches-kirchhellen.de\/?page_id=457\">Horstkamp<\/a> und B\u00f6rker Feld in Ekel verl\u00e4uft.\u00a0<\/p>\n\n\n\n<p>Hier hat &#8211; es w\u00e4re auch zu vordergr\u00fcndig &#8211; \u201eGold\u201c nichts mit dem Edelmetall zu tun. Die Silbe \u201eGold\u201c ist eine uralte Variante zu \u201egol\u201c, sodass es eigentlich Golbredde hei\u00dfen m\u00fcsste. \u201eGol\u201c bedeutet hier wieder einmal Moorwasser, verst\u00e4ndlich, wenn die Lage der Flur Nr. 8 ber\u00fccksichtigt wird, die in der ganzen L\u00e4nge vom Breilsbach durchflossen wird (indogermanisch \u201egol\u201c, \u201egel\u201c = Wasserloch). Vergleiche: Goldmiere; Goldache (ache = Bach); auch unser heutiges \u201eG\u00fclle\u201c hat seinen Ursprung in \u201egol\u201c (mittelhochdeutsch = die Pf\u00fctze).\u00a0\u00a0Mit \u201eBredde\u201c (hochdeutsch: Breite) ist eine flache Ebene gemeint, die nicht unbedingt feucht oder gar sumpfig zu sein braucht. <\/p>\n","protected":false},"excerpt":{"rendered":"<p>Die Goldbredde ist ein Weg, der zwischen Horstkamp und B\u00f6rker Feld in Ekel verl\u00e4uft.\u00a0 Hier hat &#8211; es w\u00e4re auch zu vordergr\u00fcndig &#8211; \u201eGold\u201c nichts &hellip; <\/p>\n","protected":false},"author":1,"featured_media":0,"parent":123,"menu_order":249,"comment_status":"closed","ping_status":"closed","template":"","meta":{"_acf_changed":false,"footnotes":""},"class_list":["post-503","page","type-page","status-publish","hentry"],"acf":[],"jetpack_sharing_enabled":true,"_links":{"self":[{"href":"https:\/\/historisches-kirchhellen.de\/index.php?rest_route=\/wp\/v2\/pages\/503","targetHints":{"allow":["GET"]}}],"collection":[{"href":"https:\/\/historisches-kirchhellen.de\/index.php?rest_route=\/wp\/v2\/pages"}],"about":[{"href":"https:\/\/historisches-kirchhellen.de\/index.php?rest_route=\/wp\/v2\/types\/page"}],"author":[{"embeddable":true,"href":"https:\/\/historisches-kirchhellen.de\/index.php?rest_route=\/wp\/v2\/users\/1"}],"replies":[{"embeddable":true,"href":"https:\/\/historisches-kirchhellen.de\/index.php?rest_route=%2Fwp%2Fv2%2Fcomments&post=503"}],"version-history":[{"count":0,"href":"https:\/\/historisches-kirchhellen.de\/index.php?rest_route=\/wp\/v2\/pages\/503\/revisions"}],"up":[{"embeddable":true,"href":"https:\/\/historisches-kirchhellen.de\/index.php?rest_route=\/wp\/v2\/pages\/123"}],"wp:attachment":[{"href":"https:\/\/historisches-kirchhellen.de\/index.php?rest_route=%2Fwp%2Fv2%2Fmedia&parent=503"}],"curies":[{"name":"wp","href":"https:\/\/api.w.org\/{rel}","templated":true}]}}