{"id":518,"date":"2019-05-16T17:47:50","date_gmt":"2019-05-16T17:47:50","guid":{"rendered":"http:\/\/historisches-kirchhellen.de\/?page_id=518"},"modified":"2019-05-16T17:47:50","modified_gmt":"2019-05-16T17:47:50","slug":"christfurth","status":"publish","type":"page","link":"https:\/\/historisches-kirchhellen.de\/?page_id=518","title":{"rendered":"Christfurth"},"content":{"rendered":"\n<p>Die Christfurth l\u00e4uft in Nord-S\u00fcd-Richtung am Rande des oberen Boytales hinweg zwischen \u201e<a href=\"http:\/\/historisches-kirchhellen.de\/?page_id=501\">Glaserh\u00fcttenheide<\/a>\u201c und \u201eAm Schleitkamp\u201c. <\/p>\n\n\n\n<p>Der Name ist wahrscheinlich von \u201eChrest\u201c oder \u201eKrest\u201c herzuleiten, beide Begriffe sind keltischen Ursprungs und bezeichnen Sumpfb\u00e4che (hier die Kleine Boy mit ihren zahlreichen Zufl\u00fcssen). Die Silbe &#8222;-furth&#8220; hat noch die heutige Bedeutung behalten. \u00dcbrigens gibt es Ortsnamen mit dieser Zusammensetzung Christ-, Chrest-, Krest- im gesamten ehemals keltischen Siedlungsraum. <\/p>\n","protected":false},"excerpt":{"rendered":"<p>Die Christfurth l\u00e4uft in Nord-S\u00fcd-Richtung am Rande des oberen Boytales hinweg zwischen \u201eGlaserh\u00fcttenheide\u201c und \u201eAm Schleitkamp\u201c. Der Name ist wahrscheinlich von \u201eChrest\u201c oder \u201eKrest\u201c herzuleiten, &hellip; <\/p>\n","protected":false},"author":1,"featured_media":0,"parent":123,"menu_order":9,"comment_status":"closed","ping_status":"closed","template":"","meta":{"_acf_changed":false,"footnotes":""},"class_list":["post-518","page","type-page","status-publish","hentry"],"acf":[],"jetpack_sharing_enabled":true,"_links":{"self":[{"href":"https:\/\/historisches-kirchhellen.de\/index.php?rest_route=\/wp\/v2\/pages\/518","targetHints":{"allow":["GET"]}}],"collection":[{"href":"https:\/\/historisches-kirchhellen.de\/index.php?rest_route=\/wp\/v2\/pages"}],"about":[{"href":"https:\/\/historisches-kirchhellen.de\/index.php?rest_route=\/wp\/v2\/types\/page"}],"author":[{"embeddable":true,"href":"https:\/\/historisches-kirchhellen.de\/index.php?rest_route=\/wp\/v2\/users\/1"}],"replies":[{"embeddable":true,"href":"https:\/\/historisches-kirchhellen.de\/index.php?rest_route=%2Fwp%2Fv2%2Fcomments&post=518"}],"version-history":[{"count":0,"href":"https:\/\/historisches-kirchhellen.de\/index.php?rest_route=\/wp\/v2\/pages\/518\/revisions"}],"up":[{"embeddable":true,"href":"https:\/\/historisches-kirchhellen.de\/index.php?rest_route=\/wp\/v2\/pages\/123"}],"wp:attachment":[{"href":"https:\/\/historisches-kirchhellen.de\/index.php?rest_route=%2Fwp%2Fv2%2Fmedia&parent=518"}],"curies":[{"name":"wp","href":"https:\/\/api.w.org\/{rel}","templated":true}]}}