{"id":520,"date":"2019-05-16T17:49:03","date_gmt":"2019-05-16T17:49:03","guid":{"rendered":"http:\/\/historisches-kirchhellen.de\/?page_id=520"},"modified":"2019-05-16T17:49:03","modified_gmt":"2019-05-16T17:49:03","slug":"clemens-hofbauer-strasse","status":"publish","type":"page","link":"https:\/\/historisches-kirchhellen.de\/?page_id=520","title":{"rendered":"Clemens-Hofbauer-Stra\u00dfe"},"content":{"rendered":"\n<p>Diese Stra\u00dfe wurde nach dem Zweiten Weltkrieg im Zuge der Bebauung des Raumes s\u00fcdlich der <a href=\"http:\/\/historisches-kirchhellen.de\/?page_id=417\">Hauptstra\u00dfe<\/a> angelegt. Sie verbindet die Hauptstra\u00dfe (fr\u00fcher Bahnhofstra\u00dfe) mit der Stra\u00dfe \u201eAm Sch\u00f6lsbach\u201c.  Bis zum Zusammenschluss Kirchhellens mit Bottrop trug die Stra\u00dfe den Namen &#8222;Klosterstra\u00dfe&#8220;.<\/p>\n\n\n\n<p>Clemens Maria Hofbauer, der \u201eApostel Wiens&#8217;\u201c, geboren 1751, gestorben 1820, trat 1784 dem Redemptoristenorden bei, f\u00fchrte den Orden in Warschau, in der Schweiz und in Wien ein, wo er seit 1808 wirkte und insbesondere auf die Wiener Sp\u00e4tromantik gro\u00dfen Einfluss hatte. Im Jahre 1909 wurde er heilig gesprochen. Das dort in der ehemaligen Besitzung K\u00f6rner im Jahre 1946 gegr\u00fcndete Redemptoristenkloster, das den Namen dieses Heiligen tr\u00e4gt, hat zur Benennung der Stra\u00dfe Anlass gegeben. <\/p>\n","protected":false},"excerpt":{"rendered":"<p>Diese Stra\u00dfe wurde nach dem Zweiten Weltkrieg im Zuge der Bebauung des Raumes s\u00fcdlich der Hauptstra\u00dfe angelegt. Sie verbindet die Hauptstra\u00dfe (fr\u00fcher Bahnhofstra\u00dfe) mit der &hellip; <\/p>\n","protected":false},"author":1,"featured_media":0,"parent":123,"menu_order":7,"comment_status":"closed","ping_status":"closed","template":"","meta":{"_acf_changed":false,"footnotes":""},"class_list":["post-520","page","type-page","status-publish","hentry"],"acf":[],"jetpack_sharing_enabled":true,"_links":{"self":[{"href":"https:\/\/historisches-kirchhellen.de\/index.php?rest_route=\/wp\/v2\/pages\/520","targetHints":{"allow":["GET"]}}],"collection":[{"href":"https:\/\/historisches-kirchhellen.de\/index.php?rest_route=\/wp\/v2\/pages"}],"about":[{"href":"https:\/\/historisches-kirchhellen.de\/index.php?rest_route=\/wp\/v2\/types\/page"}],"author":[{"embeddable":true,"href":"https:\/\/historisches-kirchhellen.de\/index.php?rest_route=\/wp\/v2\/users\/1"}],"replies":[{"embeddable":true,"href":"https:\/\/historisches-kirchhellen.de\/index.php?rest_route=%2Fwp%2Fv2%2Fcomments&post=520"}],"version-history":[{"count":0,"href":"https:\/\/historisches-kirchhellen.de\/index.php?rest_route=\/wp\/v2\/pages\/520\/revisions"}],"up":[{"embeddable":true,"href":"https:\/\/historisches-kirchhellen.de\/index.php?rest_route=\/wp\/v2\/pages\/123"}],"wp:attachment":[{"href":"https:\/\/historisches-kirchhellen.de\/index.php?rest_route=%2Fwp%2Fv2%2Fmedia&parent=520"}],"curies":[{"name":"wp","href":"https:\/\/api.w.org\/{rel}","templated":true}]}}