{"id":530,"date":"2019-05-16T17:51:59","date_gmt":"2019-05-16T17:51:59","guid":{"rendered":"http:\/\/historisches-kirchhellen.de\/?page_id=530"},"modified":"2019-05-16T17:51:59","modified_gmt":"2019-05-16T17:51:59","slug":"drechslerstrasse","status":"publish","type":"page","link":"https:\/\/historisches-kirchhellen.de\/?page_id=530","title":{"rendered":"Drechslerstra\u00dfe"},"content":{"rendered":"\n<p>Die Drechslerstra\u00dfe liegt in dem (fast) ausschlie\u00dflich nach zum Teil alten Handwerken benannten Gebiet s\u00fcdlich der <a href=\"http:\/\/historisches-kirchhellen.de\/?page_id=230\">Schneiderstra\u00dfe<\/a>. Der Drechsler stellte M\u00f6belteile und Gebrauchsgegenst\u00e4nde aus Holz auf einer Drehbank her, bei uns vielfach verbunden mit dem Beruf des Stellmachers, der Gestelle, Wagen, Karren und R\u00e4der herstellte. <\/p>\n","protected":false},"excerpt":{"rendered":"<p>Die Drechslerstra\u00dfe liegt in dem (fast) ausschlie\u00dflich nach zum Teil alten Handwerken benannten Gebiet s\u00fcdlich der Schneiderstra\u00dfe. Der Drechsler stellte M\u00f6belteile und Gebrauchsgegenst\u00e4nde aus Holz &hellip; <\/p>\n","protected":false},"author":1,"featured_media":0,"parent":123,"menu_order":17,"comment_status":"closed","ping_status":"closed","template":"","meta":{"_acf_changed":false,"footnotes":""},"class_list":["post-530","page","type-page","status-publish","hentry"],"acf":[],"jetpack_sharing_enabled":true,"_links":{"self":[{"href":"https:\/\/historisches-kirchhellen.de\/index.php?rest_route=\/wp\/v2\/pages\/530","targetHints":{"allow":["GET"]}}],"collection":[{"href":"https:\/\/historisches-kirchhellen.de\/index.php?rest_route=\/wp\/v2\/pages"}],"about":[{"href":"https:\/\/historisches-kirchhellen.de\/index.php?rest_route=\/wp\/v2\/types\/page"}],"author":[{"embeddable":true,"href":"https:\/\/historisches-kirchhellen.de\/index.php?rest_route=\/wp\/v2\/users\/1"}],"replies":[{"embeddable":true,"href":"https:\/\/historisches-kirchhellen.de\/index.php?rest_route=%2Fwp%2Fv2%2Fcomments&post=530"}],"version-history":[{"count":0,"href":"https:\/\/historisches-kirchhellen.de\/index.php?rest_route=\/wp\/v2\/pages\/530\/revisions"}],"up":[{"embeddable":true,"href":"https:\/\/historisches-kirchhellen.de\/index.php?rest_route=\/wp\/v2\/pages\/123"}],"wp:attachment":[{"href":"https:\/\/historisches-kirchhellen.de\/index.php?rest_route=%2Fwp%2Fv2%2Fmedia&parent=530"}],"curies":[{"name":"wp","href":"https:\/\/api.w.org\/{rel}","templated":true}]}}