{"id":542,"date":"2019-05-16T17:57:27","date_gmt":"2019-05-16T17:57:27","guid":{"rendered":"http:\/\/historisches-kirchhellen.de\/?page_id=542"},"modified":"2019-05-16T17:57:27","modified_gmt":"2019-05-16T17:57:27","slug":"baute","status":"publish","type":"page","link":"https:\/\/historisches-kirchhellen.de\/?page_id=542","title":{"rendered":"Baute"},"content":{"rendered":"\n<p>Die Baute f\u00fchrt von der <a href=\"http:\/\/historisches-kirchhellen.de\/?page_id=414\">Hackfurthstra\u00dfe<\/a> gegen\u00fcber der Einm\u00fcndung \u201eAm Hagelkreuz\u201c nach S\u00fcden \u00fcber die Stra\u00dfe <a href=\"http:\/\/historisches-kirchhellen.de\/?page_id=183\">Tappenhof<\/a> hinweg bis hart an die Grenze Gladbecks. Auch \u201eBaute\u201c meint wie \u201eK\u00e4mpe\u201c bebautes Land, Ackerland. Bekannt sind \u201eBauten\u201c bei uns vornehmlich in Verbindung mit L\u00e4ndereien der Adelsh\u00e4user. Die Schrift Nr. 2 des Vereins f\u00fcr Orts- und Heimatkunde Kirchhellen, die sich mit den Flurbezeichnungen befasst, z\u00e4hlt folgende Bauten auf:<\/p>\n\n\n\n<p>1. Brabecker Baute<\/p>\n\n\n\n<p>2. An der Baute (in zwei verschiedenen Fluren)<\/p>\n\n\n\n<p>3. Unterste Baute<\/p>\n\n\n\n<p>4. Die Baute (in Verbindung mit der Dringenburg)<\/p>\n\n\n\n<p>5. Hackfurther Baute<\/p>\n","protected":false},"excerpt":{"rendered":"<p>Die Baute f\u00fchrt von der Hackfurthstra\u00dfe gegen\u00fcber der Einm\u00fcndung \u201eAm Hagelkreuz\u201c nach S\u00fcden \u00fcber die Stra\u00dfe Tappenhof hinweg bis hart an die Grenze Gladbecks. Auch &hellip; <\/p>\n","protected":false},"author":1,"featured_media":0,"parent":123,"menu_order":260,"comment_status":"closed","ping_status":"closed","template":"","meta":{"_acf_changed":false,"footnotes":""},"class_list":["post-542","page","type-page","status-publish","hentry"],"acf":[],"jetpack_sharing_enabled":true,"_links":{"self":[{"href":"https:\/\/historisches-kirchhellen.de\/index.php?rest_route=\/wp\/v2\/pages\/542","targetHints":{"allow":["GET"]}}],"collection":[{"href":"https:\/\/historisches-kirchhellen.de\/index.php?rest_route=\/wp\/v2\/pages"}],"about":[{"href":"https:\/\/historisches-kirchhellen.de\/index.php?rest_route=\/wp\/v2\/types\/page"}],"author":[{"embeddable":true,"href":"https:\/\/historisches-kirchhellen.de\/index.php?rest_route=\/wp\/v2\/users\/1"}],"replies":[{"embeddable":true,"href":"https:\/\/historisches-kirchhellen.de\/index.php?rest_route=%2Fwp%2Fv2%2Fcomments&post=542"}],"version-history":[{"count":0,"href":"https:\/\/historisches-kirchhellen.de\/index.php?rest_route=\/wp\/v2\/pages\/542\/revisions"}],"up":[{"embeddable":true,"href":"https:\/\/historisches-kirchhellen.de\/index.php?rest_route=\/wp\/v2\/pages\/123"}],"wp:attachment":[{"href":"https:\/\/historisches-kirchhellen.de\/index.php?rest_route=%2Fwp%2Fv2%2Fmedia&parent=542"}],"curies":[{"name":"wp","href":"https:\/\/api.w.org\/{rel}","templated":true}]}}