{"id":548,"date":"2019-05-16T17:59:57","date_gmt":"2019-05-16T17:59:57","guid":{"rendered":"http:\/\/historisches-kirchhellen.de\/?page_id=548"},"modified":"2019-05-16T17:59:57","modified_gmt":"2019-05-16T17:59:57","slug":"birkenweg","status":"publish","type":"page","link":"https:\/\/historisches-kirchhellen.de\/?page_id=548","title":{"rendered":"Birkenweg"},"content":{"rendered":"\n<p>Der Birkenweg war fr\u00fcher eine Stichstra\u00dfe, die vom \u201e<a href=\"http:\/\/historisches-kirchhellen.de\/?page_id=169\">Wiesengrund<\/a>&#8220; nur nach Osten abzweigte. Sie wurde sp\u00e4ter verl\u00e4ngert und geht heute bis zur <a href=\"http:\/\/historisches-kirchhellen.de\/?page_id=501\">Glaserh\u00fcttenheide<\/a>.<\/p>\n\n\n\n<p>Benannt ist sie nach dem Birkenbaum (lat. : Betula). Sie geh\u00f6rt zur Familie der k\u00e4tzchenbl\u00fctigen Birkengew\u00e4chse (Betulaceen) und ist bei uns als Wei\u00dfbirke, H\u00e4nge- oder Trauerbirke und Maie bekannt. <\/p>\n","protected":false},"excerpt":{"rendered":"<p>Der Birkenweg war fr\u00fcher eine Stichstra\u00dfe, die vom \u201eWiesengrund&#8220; nur nach Osten abzweigte. Sie wurde sp\u00e4ter verl\u00e4ngert und geht heute bis zur Glaserh\u00fcttenheide. Benannt ist &hellip; <\/p>\n","protected":false},"author":1,"featured_media":0,"parent":123,"menu_order":266,"comment_status":"closed","ping_status":"closed","template":"","meta":{"_acf_changed":false,"footnotes":""},"class_list":["post-548","page","type-page","status-publish","hentry"],"acf":[],"jetpack_sharing_enabled":true,"_links":{"self":[{"href":"https:\/\/historisches-kirchhellen.de\/index.php?rest_route=\/wp\/v2\/pages\/548","targetHints":{"allow":["GET"]}}],"collection":[{"href":"https:\/\/historisches-kirchhellen.de\/index.php?rest_route=\/wp\/v2\/pages"}],"about":[{"href":"https:\/\/historisches-kirchhellen.de\/index.php?rest_route=\/wp\/v2\/types\/page"}],"author":[{"embeddable":true,"href":"https:\/\/historisches-kirchhellen.de\/index.php?rest_route=\/wp\/v2\/users\/1"}],"replies":[{"embeddable":true,"href":"https:\/\/historisches-kirchhellen.de\/index.php?rest_route=%2Fwp%2Fv2%2Fcomments&post=548"}],"version-history":[{"count":0,"href":"https:\/\/historisches-kirchhellen.de\/index.php?rest_route=\/wp\/v2\/pages\/548\/revisions"}],"up":[{"embeddable":true,"href":"https:\/\/historisches-kirchhellen.de\/index.php?rest_route=\/wp\/v2\/pages\/123"}],"wp:attachment":[{"href":"https:\/\/historisches-kirchhellen.de\/index.php?rest_route=%2Fwp%2Fv2%2Fmedia&parent=548"}],"curies":[{"name":"wp","href":"https:\/\/api.w.org\/{rel}","templated":true}]}}