{"id":556,"date":"2019-05-16T18:03:32","date_gmt":"2019-05-16T18:03:32","guid":{"rendered":"http:\/\/historisches-kirchhellen.de\/?page_id=556"},"modified":"2019-05-16T18:03:32","modified_gmt":"2019-05-16T18:03:32","slug":"boettcherstrasse","status":"publish","type":"page","link":"https:\/\/historisches-kirchhellen.de\/?page_id=556","title":{"rendered":"B\u00f6ttcherstra\u00dfe"},"content":{"rendered":"\n<p>Die B\u00f6ttcherstra\u00dfe liegt in dem Gebiet s\u00fcdlich der <a href=\"http:\/\/historisches-kirchhellen.de\/?page_id=230\">Schneiderstra\u00dfe<\/a>. In einer Zeit, als Kirchhellen noch etliche Brennereien und Brauereien besa\u00df, als Bohnen und Wei\u00dfkohl (Kappes) noch in F\u00e4ssern einges\u00e4uert und so haltbar gemacht wurden, gab es bei uns auch B\u00f6ttcher, Handwerker also, die Bottiche, F\u00e4sser herstellten. Im Jahre 1840 z\u00e4hlt der damalige B\u00fcrgermeister von Kirchhellen, Tourneau, immerhin noch zehn B\u00f6ttcher oder Fassbinder, wie sie bei uns genannt wurden, die f\u00fcr die n\u00f6tigen F\u00e4sser und Bottiche (auch Waschf\u00e4sser, P\u00f6kelf\u00e4sser und \u201eAhlf\u00e4tter\u201c) sorgten. <\/p>\n","protected":false},"excerpt":{"rendered":"<p>Die B\u00f6ttcherstra\u00dfe liegt in dem Gebiet s\u00fcdlich der Schneiderstra\u00dfe. In einer Zeit, als Kirchhellen noch etliche Brennereien und Brauereien besa\u00df, als Bohnen und Wei\u00dfkohl (Kappes) &hellip; <\/p>\n","protected":false},"author":1,"featured_media":0,"parent":123,"menu_order":271,"comment_status":"closed","ping_status":"closed","template":"","meta":{"_acf_changed":false,"footnotes":""},"class_list":["post-556","page","type-page","status-publish","hentry"],"acf":[],"jetpack_sharing_enabled":true,"_links":{"self":[{"href":"https:\/\/historisches-kirchhellen.de\/index.php?rest_route=\/wp\/v2\/pages\/556","targetHints":{"allow":["GET"]}}],"collection":[{"href":"https:\/\/historisches-kirchhellen.de\/index.php?rest_route=\/wp\/v2\/pages"}],"about":[{"href":"https:\/\/historisches-kirchhellen.de\/index.php?rest_route=\/wp\/v2\/types\/page"}],"author":[{"embeddable":true,"href":"https:\/\/historisches-kirchhellen.de\/index.php?rest_route=\/wp\/v2\/users\/1"}],"replies":[{"embeddable":true,"href":"https:\/\/historisches-kirchhellen.de\/index.php?rest_route=%2Fwp%2Fv2%2Fcomments&post=556"}],"version-history":[{"count":0,"href":"https:\/\/historisches-kirchhellen.de\/index.php?rest_route=\/wp\/v2\/pages\/556\/revisions"}],"up":[{"embeddable":true,"href":"https:\/\/historisches-kirchhellen.de\/index.php?rest_route=\/wp\/v2\/pages\/123"}],"wp:attachment":[{"href":"https:\/\/historisches-kirchhellen.de\/index.php?rest_route=%2Fwp%2Fv2%2Fmedia&parent=556"}],"curies":[{"name":"wp","href":"https:\/\/api.w.org\/{rel}","templated":true}]}}