{"id":562,"date":"2019-05-16T18:05:18","date_gmt":"2019-05-16T18:05:18","guid":{"rendered":"http:\/\/historisches-kirchhellen.de\/?page_id=562"},"modified":"2019-05-16T18:05:18","modified_gmt":"2019-05-16T18:05:18","slug":"boschstrasse","status":"publish","type":"page","link":"https:\/\/historisches-kirchhellen.de\/?page_id=562","title":{"rendered":"Boschstra\u00dfe"},"content":{"rendered":"\n<p>Die Boschstra\u00dfe liegt im Gewerbegebiet zwischen <a href=\"http:\/\/historisches-kirchhellen.de\/?page_id=419\">Hegestra\u00dfe<\/a> und <a href=\"http:\/\/historisches-kirchhellen.de\/?page_id=534\">Dro\u00dflingstra\u00dfe<\/a> in Grafenwald. <\/p>\n\n\n\n<p>Gemeint ist hier nicht der niederl\u00e4ndische Maler Hieronymus Bosch, auch nicht der Chemiker Carl Bosch, sondern der 1861 geborene Robert Bosch, der 1902 die Hochspannungsmagnetz\u00fcndung f\u00fcr Autos entwickelte, die wiederum den Weltruf der &#8222;Robert Bosch GmbH&#8220; Stuttgart begr\u00fcndete. Heute ist die Firma Bosch immer noch einer der gr\u00f6\u00dften Zulieferer f\u00fcr Automobilelektronik. <\/p>\n","protected":false},"excerpt":{"rendered":"<p>Die Boschstra\u00dfe liegt im Gewerbegebiet zwischen Hegestra\u00dfe und Dro\u00dflingstra\u00dfe in Grafenwald. Gemeint ist hier nicht der niederl\u00e4ndische Maler Hieronymus Bosch, auch nicht der Chemiker Carl &hellip; <\/p>\n","protected":false},"author":1,"featured_media":0,"parent":123,"menu_order":35,"comment_status":"closed","ping_status":"closed","template":"","meta":{"_acf_changed":false,"footnotes":""},"class_list":["post-562","page","type-page","status-publish","hentry"],"acf":[],"jetpack_sharing_enabled":true,"_links":{"self":[{"href":"https:\/\/historisches-kirchhellen.de\/index.php?rest_route=\/wp\/v2\/pages\/562","targetHints":{"allow":["GET"]}}],"collection":[{"href":"https:\/\/historisches-kirchhellen.de\/index.php?rest_route=\/wp\/v2\/pages"}],"about":[{"href":"https:\/\/historisches-kirchhellen.de\/index.php?rest_route=\/wp\/v2\/types\/page"}],"author":[{"embeddable":true,"href":"https:\/\/historisches-kirchhellen.de\/index.php?rest_route=\/wp\/v2\/users\/1"}],"replies":[{"embeddable":true,"href":"https:\/\/historisches-kirchhellen.de\/index.php?rest_route=%2Fwp%2Fv2%2Fcomments&post=562"}],"version-history":[{"count":0,"href":"https:\/\/historisches-kirchhellen.de\/index.php?rest_route=\/wp\/v2\/pages\/562\/revisions"}],"up":[{"embeddable":true,"href":"https:\/\/historisches-kirchhellen.de\/index.php?rest_route=\/wp\/v2\/pages\/123"}],"wp:attachment":[{"href":"https:\/\/historisches-kirchhellen.de\/index.php?rest_route=%2Fwp%2Fv2%2Fmedia&parent=562"}],"curies":[{"name":"wp","href":"https:\/\/api.w.org\/{rel}","templated":true}]}}