{"id":566,"date":"2019-05-16T18:06:37","date_gmt":"2019-05-16T18:06:37","guid":{"rendered":"http:\/\/historisches-kirchhellen.de\/?page_id=566"},"modified":"2019-05-16T18:06:37","modified_gmt":"2019-05-16T18:06:37","slug":"brabecker-feld","status":"publish","type":"page","link":"https:\/\/historisches-kirchhellen.de\/?page_id=566","title":{"rendered":"Brabecker Feld"},"content":{"rendered":"\n<p>Das Brabecker Feld f\u00fchrt von der <a href=\"http:\/\/historisches-kirchhellen.de\/?page_id=282\">Rentforter Stra\u00dfe<\/a> an Haus Brabeck vorbei, \u00fcberquert die A 31, l\u00e4uft am Hof Steinmann vorbei \u00fcber den Weg \u201e<a href=\"http:\/\/historisches-kirchhellen.de\/?page_id=183\">Tappenhof<\/a>\u201c und erreicht die <a href=\"http:\/\/historisches-kirchhellen.de\/?page_id=414\">Hackfurthstra\u00dfe<\/a>. Benannt ist der Weg nach dem bereits vor 1000 n.Chr. nachgewiesenen Haus Brabeck. <\/p>\n","protected":false},"excerpt":{"rendered":"<p>Das Brabecker Feld f\u00fchrt von der Rentforter Stra\u00dfe an Haus Brabeck vorbei, \u00fcberquert die A 31, l\u00e4uft am Hof Steinmann vorbei \u00fcber den Weg \u201eTappenhof\u201c &hellip; <\/p>\n","protected":false},"author":1,"featured_media":0,"parent":123,"menu_order":38,"comment_status":"closed","ping_status":"closed","template":"","meta":{"_acf_changed":false,"footnotes":""},"class_list":["post-566","page","type-page","status-publish","hentry"],"acf":[],"jetpack_sharing_enabled":true,"_links":{"self":[{"href":"https:\/\/historisches-kirchhellen.de\/index.php?rest_route=\/wp\/v2\/pages\/566","targetHints":{"allow":["GET"]}}],"collection":[{"href":"https:\/\/historisches-kirchhellen.de\/index.php?rest_route=\/wp\/v2\/pages"}],"about":[{"href":"https:\/\/historisches-kirchhellen.de\/index.php?rest_route=\/wp\/v2\/types\/page"}],"author":[{"embeddable":true,"href":"https:\/\/historisches-kirchhellen.de\/index.php?rest_route=\/wp\/v2\/users\/1"}],"replies":[{"embeddable":true,"href":"https:\/\/historisches-kirchhellen.de\/index.php?rest_route=%2Fwp%2Fv2%2Fcomments&post=566"}],"version-history":[{"count":0,"href":"https:\/\/historisches-kirchhellen.de\/index.php?rest_route=\/wp\/v2\/pages\/566\/revisions"}],"up":[{"embeddable":true,"href":"https:\/\/historisches-kirchhellen.de\/index.php?rest_route=\/wp\/v2\/pages\/123"}],"wp:attachment":[{"href":"https:\/\/historisches-kirchhellen.de\/index.php?rest_route=%2Fwp%2Fv2%2Fmedia&parent=566"}],"curies":[{"name":"wp","href":"https:\/\/api.w.org\/{rel}","templated":true}]}}