{"id":568,"date":"2019-05-16T18:07:25","date_gmt":"2019-05-16T18:07:25","guid":{"rendered":"http:\/\/historisches-kirchhellen.de\/?page_id=568"},"modified":"2019-05-16T18:07:35","modified_gmt":"2019-05-16T18:07:35","slug":"brabecker-weg","status":"publish","type":"page","link":"https:\/\/historisches-kirchhellen.de\/?page_id=568","title":{"rendered":"Brabecker Weg"},"content":{"rendered":"\n<p>Der Brabecker Weg beginnt an der <a href=\"http:\/\/historisches-kirchhellen.de\/?page_id=564\">Bottroper Stra\u00dfe<\/a> bei Jandewerth-Beyer, f\u00fchrt fast durchgehend geradlinig nach Osten bis zur <a href=\"http:\/\/historisches-kirchhellen.de\/?page_id=282\">Rentforter Stra\u00dfe<\/a>. <\/p>\n\n\n\n<p>Benannt ist der Weg nach der bereits vor der Jahrtausendwende nachgewiesenen Burg Brabeck. Im Volksmund hie\u00df der Brabecker Weg bis zur \u201eHohen Heide\u201c seit urdenklichen Zeiten \u201eHippenstra\u00dfe\u201c, weil dort die zahlreichen Anwohner die \u201eK\u00fche des kleinen Mannes\u201c, die Hippen (Ziegen) weiden lie\u00dfen. Wie so viele Stra\u00dfen und Wege durch und um Kirchhellen war auch die \u201eHippenstra\u00dfe\u201c ein unbefestigter, mit Gras bewachsener Weg, der nur mit Pferdefuhrwerken befahren wurde. Die breiten, grasbewachsenen R\u00e4nder boten sich geradezu als Weide f\u00fcr Ziegen und auch K\u00fche an. Diese wurden entweder von Kindern geh\u00fctet oder am sogenannten \u201eT\u00fcrpoahl\u201c, einem Eisenpflock mit Kette, angebunden, der von Zeit zu Zeit umget\u00fcrt werden musste. Noch nach dem Zweiten Weltkrieg verpachtete die Gemeinde Stra\u00dfenr\u00e4nder an Ziegen-, Schaf- und Kuhhalter. <\/p>\n","protected":false},"excerpt":{"rendered":"<p>Der Brabecker Weg beginnt an der Bottroper Stra\u00dfe bei Jandewerth-Beyer, f\u00fchrt fast durchgehend geradlinig nach Osten bis zur Rentforter Stra\u00dfe. Benannt ist der Weg nach &hellip; <\/p>\n","protected":false},"author":1,"featured_media":0,"parent":123,"menu_order":41,"comment_status":"closed","ping_status":"closed","template":"","meta":{"_acf_changed":false,"footnotes":""},"class_list":["post-568","page","type-page","status-publish","hentry"],"acf":[],"jetpack_sharing_enabled":true,"_links":{"self":[{"href":"https:\/\/historisches-kirchhellen.de\/index.php?rest_route=\/wp\/v2\/pages\/568","targetHints":{"allow":["GET"]}}],"collection":[{"href":"https:\/\/historisches-kirchhellen.de\/index.php?rest_route=\/wp\/v2\/pages"}],"about":[{"href":"https:\/\/historisches-kirchhellen.de\/index.php?rest_route=\/wp\/v2\/types\/page"}],"author":[{"embeddable":true,"href":"https:\/\/historisches-kirchhellen.de\/index.php?rest_route=\/wp\/v2\/users\/1"}],"replies":[{"embeddable":true,"href":"https:\/\/historisches-kirchhellen.de\/index.php?rest_route=%2Fwp%2Fv2%2Fcomments&post=568"}],"version-history":[{"count":0,"href":"https:\/\/historisches-kirchhellen.de\/index.php?rest_route=\/wp\/v2\/pages\/568\/revisions"}],"up":[{"embeddable":true,"href":"https:\/\/historisches-kirchhellen.de\/index.php?rest_route=\/wp\/v2\/pages\/123"}],"wp:attachment":[{"href":"https:\/\/historisches-kirchhellen.de\/index.php?rest_route=%2Fwp%2Fv2%2Fmedia&parent=568"}],"curies":[{"name":"wp","href":"https:\/\/api.w.org\/{rel}","templated":true}]}}