{"id":573,"date":"2019-05-16T18:08:55","date_gmt":"2019-05-16T18:08:55","guid":{"rendered":"http:\/\/historisches-kirchhellen.de\/?page_id=573"},"modified":"2019-05-16T18:08:55","modified_gmt":"2019-05-16T18:08:55","slug":"brandenheide","status":"publish","type":"page","link":"https:\/\/historisches-kirchhellen.de\/?page_id=573","title":{"rendered":"Brandenheide"},"content":{"rendered":"\n<p>Die Brandenheide schlie\u00dft das Gewerbegebiet Grafenwald nach Osten ab und bildet zum Teil die Grenze mit der benachbarten Stadt Gladbeck. Sie f\u00fchrt von der <a href=\"http:\/\/historisches-kirchhellen.de\/?page_id=534\">Dro\u00dflingstra\u00dfe<\/a> zur <a href=\"http:\/\/historisches-kirchhellen.de\/?page_id=419\">Hegestra\u00dfe<\/a>. <\/p>\n\n\n\n<p>\u201eBrand\u201c hat wohl kaum etwas mit \u201ebrennen\u201c zu tun. Wahrscheinlich ist der Sinn in dem alten Wort \u201ebran\u201c oder \u201ebren\u201c zu suchen. Das \u201ed\u201c ist sp\u00e4ter der besseren Aussprache wegen eingef\u00fchrt (Branenheide &#8211; Brandenheide). Nach dem Namensforscher Bahlow sind \u201ebran\u201c und \u201ebren\u201c wieder einmal Wasserw\u00f6rter, die vorgermanischer Zeit entstammen. Stutzig macht uns das Wort \u201eHeide\u201c. Wasser und Heide, wie passt das zusammen? Sind wir doch gewohnt, Heide mit Sand und trockenem Boden gleichzusetzen. Aber bei dem Wort Heide haben wir wiederum ein typisches Beispiel f\u00fcr den Bedeutungswandel, den W\u00f6rter im Laufe der Zeit durchmachen k\u00f6nnen. Urspr\u00fcnglich war \u201eHeide\u201c die Bezeichnung f\u00fcr Moor und Sumpf. W\u00e4re diese Deutung so abwegig im Bachgebiet der Boy? <\/p>\n","protected":false},"excerpt":{"rendered":"<p>Die Brandenheide schlie\u00dft das Gewerbegebiet Grafenwald nach Osten ab und bildet zum Teil die Grenze mit der benachbarten Stadt Gladbeck. Sie f\u00fchrt von der Dro\u00dflingstra\u00dfe &hellip; <\/p>\n","protected":false},"author":1,"featured_media":0,"parent":123,"menu_order":44,"comment_status":"closed","ping_status":"closed","template":"","meta":{"_acf_changed":false,"footnotes":""},"class_list":["post-573","page","type-page","status-publish","hentry"],"acf":[],"jetpack_sharing_enabled":true,"_links":{"self":[{"href":"https:\/\/historisches-kirchhellen.de\/index.php?rest_route=\/wp\/v2\/pages\/573","targetHints":{"allow":["GET"]}}],"collection":[{"href":"https:\/\/historisches-kirchhellen.de\/index.php?rest_route=\/wp\/v2\/pages"}],"about":[{"href":"https:\/\/historisches-kirchhellen.de\/index.php?rest_route=\/wp\/v2\/types\/page"}],"author":[{"embeddable":true,"href":"https:\/\/historisches-kirchhellen.de\/index.php?rest_route=\/wp\/v2\/users\/1"}],"replies":[{"embeddable":true,"href":"https:\/\/historisches-kirchhellen.de\/index.php?rest_route=%2Fwp%2Fv2%2Fcomments&post=573"}],"version-history":[{"count":0,"href":"https:\/\/historisches-kirchhellen.de\/index.php?rest_route=\/wp\/v2\/pages\/573\/revisions"}],"up":[{"embeddable":true,"href":"https:\/\/historisches-kirchhellen.de\/index.php?rest_route=\/wp\/v2\/pages\/123"}],"wp:attachment":[{"href":"https:\/\/historisches-kirchhellen.de\/index.php?rest_route=%2Fwp%2Fv2%2Fmedia&parent=573"}],"curies":[{"name":"wp","href":"https:\/\/api.w.org\/{rel}","templated":true}]}}