{"id":575,"date":"2019-05-16T18:09:20","date_gmt":"2019-05-16T18:09:20","guid":{"rendered":"http:\/\/historisches-kirchhellen.de\/?page_id=575"},"modified":"2019-05-16T18:09:20","modified_gmt":"2019-05-16T18:09:20","slug":"brennerweg","status":"publish","type":"page","link":"https:\/\/historisches-kirchhellen.de\/?page_id=575","title":{"rendered":"Brennerweg"},"content":{"rendered":"\n<p>Dieser Weg liegt s\u00fcdlich der <a href=\"http:\/\/historisches-kirchhellen.de\/?page_id=230\">Schneiderstra\u00dfe<\/a> in dem Wohngebiet Grafenwalds, das nach Handwerksberufen benannt wurde. <\/p>\n\n\n\n<p>Der Brenner stellt aus verschiedenen Stoffen Brandwein her. In Kirchhellen gab es fr\u00fcher mehrere Brennereien, die bekannteste war die Brennerei K\u00f6rner, in wessen Geb\u00e4ude heute das Jugend-Kloster untergebracht ist. <\/p>\n","protected":false},"excerpt":{"rendered":"<p>Dieser Weg liegt s\u00fcdlich der Schneiderstra\u00dfe in dem Wohngebiet Grafenwalds, das nach Handwerksberufen benannt wurde. Der Brenner stellt aus verschiedenen Stoffen Brandwein her. In Kirchhellen &hellip; <\/p>\n","protected":false},"author":1,"featured_media":0,"parent":123,"menu_order":46,"comment_status":"closed","ping_status":"closed","template":"","meta":{"_acf_changed":false,"footnotes":""},"class_list":["post-575","page","type-page","status-publish","hentry"],"acf":[],"jetpack_sharing_enabled":true,"_links":{"self":[{"href":"https:\/\/historisches-kirchhellen.de\/index.php?rest_route=\/wp\/v2\/pages\/575","targetHints":{"allow":["GET"]}}],"collection":[{"href":"https:\/\/historisches-kirchhellen.de\/index.php?rest_route=\/wp\/v2\/pages"}],"about":[{"href":"https:\/\/historisches-kirchhellen.de\/index.php?rest_route=\/wp\/v2\/types\/page"}],"author":[{"embeddable":true,"href":"https:\/\/historisches-kirchhellen.de\/index.php?rest_route=\/wp\/v2\/users\/1"}],"replies":[{"embeddable":true,"href":"https:\/\/historisches-kirchhellen.de\/index.php?rest_route=%2Fwp%2Fv2%2Fcomments&post=575"}],"version-history":[{"count":0,"href":"https:\/\/historisches-kirchhellen.de\/index.php?rest_route=\/wp\/v2\/pages\/575\/revisions"}],"up":[{"embeddable":true,"href":"https:\/\/historisches-kirchhellen.de\/index.php?rest_route=\/wp\/v2\/pages\/123"}],"wp:attachment":[{"href":"https:\/\/historisches-kirchhellen.de\/index.php?rest_route=%2Fwp%2Fv2%2Fmedia&parent=575"}],"curies":[{"name":"wp","href":"https:\/\/api.w.org\/{rel}","templated":true}]}}