{"id":579,"date":"2019-05-16T18:10:07","date_gmt":"2019-05-16T18:10:07","guid":{"rendered":"http:\/\/historisches-kirchhellen.de\/?page_id=579"},"modified":"2019-05-16T18:10:07","modified_gmt":"2019-05-16T18:10:07","slug":"buchbinderstrasse","status":"publish","type":"page","link":"https:\/\/historisches-kirchhellen.de\/?page_id=579","title":{"rendered":"Buchbinderstra\u00dfe"},"content":{"rendered":"\n<p>Die Buchbinderstra\u00dfe liegt in dem (fast) ausschlie\u00dflich nach zum Teil alten Handwerken benannten Gebiet s\u00fcdlich der <a href=\"http:\/\/historisches-kirchhellen.de\/?page_id=230\">Schneiderstra\u00dfe<\/a>. <\/p>\n\n\n\n<p>Der Beruf des Buchbinders befasst sich haupts\u00e4chlich mit der Fertigstellung von B\u00fcchern, insbesondere der Herstellung des Einbandes. <\/p>\n","protected":false},"excerpt":{"rendered":"<p>Die Buchbinderstra\u00dfe liegt in dem (fast) ausschlie\u00dflich nach zum Teil alten Handwerken benannten Gebiet s\u00fcdlich der Schneiderstra\u00dfe. Der Beruf des Buchbinders befasst sich haupts\u00e4chlich mit &hellip; <\/p>\n","protected":false},"author":1,"featured_media":0,"parent":123,"menu_order":51,"comment_status":"closed","ping_status":"closed","template":"","meta":{"_acf_changed":false,"footnotes":""},"class_list":["post-579","page","type-page","status-publish","hentry"],"acf":[],"jetpack_sharing_enabled":true,"_links":{"self":[{"href":"https:\/\/historisches-kirchhellen.de\/index.php?rest_route=\/wp\/v2\/pages\/579","targetHints":{"allow":["GET"]}}],"collection":[{"href":"https:\/\/historisches-kirchhellen.de\/index.php?rest_route=\/wp\/v2\/pages"}],"about":[{"href":"https:\/\/historisches-kirchhellen.de\/index.php?rest_route=\/wp\/v2\/types\/page"}],"author":[{"embeddable":true,"href":"https:\/\/historisches-kirchhellen.de\/index.php?rest_route=\/wp\/v2\/users\/1"}],"replies":[{"embeddable":true,"href":"https:\/\/historisches-kirchhellen.de\/index.php?rest_route=%2Fwp%2Fv2%2Fcomments&post=579"}],"version-history":[{"count":0,"href":"https:\/\/historisches-kirchhellen.de\/index.php?rest_route=\/wp\/v2\/pages\/579\/revisions"}],"up":[{"embeddable":true,"href":"https:\/\/historisches-kirchhellen.de\/index.php?rest_route=\/wp\/v2\/pages\/123"}],"wp:attachment":[{"href":"https:\/\/historisches-kirchhellen.de\/index.php?rest_route=%2Fwp%2Fv2%2Fmedia&parent=579"}],"curies":[{"name":"wp","href":"https:\/\/api.w.org\/{rel}","templated":true}]}}