{"id":585,"date":"2019-05-16T18:11:57","date_gmt":"2019-05-16T18:11:57","guid":{"rendered":"http:\/\/historisches-kirchhellen.de\/?page_id=585"},"modified":"2019-05-16T18:11:57","modified_gmt":"2019-05-16T18:11:57","slug":"burgstrasse","status":"publish","type":"page","link":"https:\/\/historisches-kirchhellen.de\/?page_id=585","title":{"rendered":"Burgstra\u00dfe"},"content":{"rendered":"\n<p>Die Burgstra\u00dfe h\u00e4lt die Erinnerung an die Burg Kirchhellen wach, die zwischen Burgstra\u00dfe und <a href=\"http:\/\/historisches-kirchhellen.de\/?page_id=160\">Wellbraucksweg<\/a> gelegen hat. \u00dcber die Burg oder das Haus Kirchhellen sagt das Kurf\u00fcrstliche Lagerbuch von 1660 u.a.: \u201e &#8230;sollte vor diesem (fr\u00fcher), ehewan (ehe) das hau\u00df Horneburg zum Ertzstift (ge)kommen, wie gesagt wird, das Amtshaus vom Vest Richlinghausen gewesen seyn; ist hart bei dem Dorf (in der N\u00e4he des Dorfkerns) Kirchhellen in seynem Wa\u00dfer graben (Gr\u00e4fte) . . . gelegen. . . . \u201c <\/p>\n","protected":false},"excerpt":{"rendered":"<p>Die Burgstra\u00dfe h\u00e4lt die Erinnerung an die Burg Kirchhellen wach, die zwischen Burgstra\u00dfe und Wellbraucksweg gelegen hat. \u00dcber die Burg oder das Haus Kirchhellen sagt &hellip; <\/p>\n","protected":false},"author":1,"featured_media":0,"parent":123,"menu_order":57,"comment_status":"closed","ping_status":"closed","template":"","meta":{"_acf_changed":false,"footnotes":""},"class_list":["post-585","page","type-page","status-publish","hentry"],"acf":[],"jetpack_sharing_enabled":true,"_links":{"self":[{"href":"https:\/\/historisches-kirchhellen.de\/index.php?rest_route=\/wp\/v2\/pages\/585","targetHints":{"allow":["GET"]}}],"collection":[{"href":"https:\/\/historisches-kirchhellen.de\/index.php?rest_route=\/wp\/v2\/pages"}],"about":[{"href":"https:\/\/historisches-kirchhellen.de\/index.php?rest_route=\/wp\/v2\/types\/page"}],"author":[{"embeddable":true,"href":"https:\/\/historisches-kirchhellen.de\/index.php?rest_route=\/wp\/v2\/users\/1"}],"replies":[{"embeddable":true,"href":"https:\/\/historisches-kirchhellen.de\/index.php?rest_route=%2Fwp%2Fv2%2Fcomments&post=585"}],"version-history":[{"count":0,"href":"https:\/\/historisches-kirchhellen.de\/index.php?rest_route=\/wp\/v2\/pages\/585\/revisions"}],"up":[{"embeddable":true,"href":"https:\/\/historisches-kirchhellen.de\/index.php?rest_route=\/wp\/v2\/pages\/123"}],"wp:attachment":[{"href":"https:\/\/historisches-kirchhellen.de\/index.php?rest_route=%2Fwp%2Fv2%2Fmedia&parent=585"}],"curies":[{"name":"wp","href":"https:\/\/api.w.org\/{rel}","templated":true}]}}