{"id":588,"date":"2019-05-16T18:13:05","date_gmt":"2019-05-16T18:13:05","guid":{"rendered":"http:\/\/historisches-kirchhellen.de\/?page_id=588"},"modified":"2019-05-16T18:13:05","modified_gmt":"2019-05-16T18:13:05","slug":"autobahn-31","status":"publish","type":"page","link":"https:\/\/historisches-kirchhellen.de\/?page_id=588","title":{"rendered":"Autobahn 31"},"content":{"rendered":"\n<p>Die Autobahn 31 wurde im Jahre 1987 durch Kirchhellener Gebiet gebaut. Sie durchquert Kirchhellen in einer Nord-S\u00fcd-Achse. Sie beginnt auf Kirchhellener Gebiet einmal im Norden am unausgebauten St\u00fcck des <a href=\"http:\/\/historisches-kirchhellen.de\/?page_id=130\">Alten Postwegs<\/a> und im S\u00fcden am <a href=\"http:\/\/historisches-kirchhellen.de\/?page_id=566\">Brabecker Feld<\/a>. Viele Stra\u00dfen und Wege wurden durch die Autobahn durchtrennt oder zu Stichstra\u00dfen, andere hingegen bekamen eigene Br\u00fccken bzw. Unterf\u00fchrungen.<\/p>\n\n\n\n<p>Kirchhellen besitzt zwei Autobahnauf- bzw. abfahrten:\u00a0<em>Kirchhellen<\/em>\u00a0und\u00a0<em>Kirchhellen-Nord<\/em>.<\/p>\n","protected":false},"excerpt":{"rendered":"<p>Die Autobahn 31 wurde im Jahre 1987 durch Kirchhellener Gebiet gebaut. Sie durchquert Kirchhellen in einer Nord-S\u00fcd-Achse. Sie beginnt auf Kirchhellener Gebiet einmal im Norden &hellip; <\/p>\n","protected":false},"author":1,"featured_media":0,"parent":123,"menu_order":58,"comment_status":"closed","ping_status":"closed","template":"","meta":{"_acf_changed":false,"footnotes":""},"class_list":["post-588","page","type-page","status-publish","hentry"],"acf":[],"jetpack_sharing_enabled":true,"_links":{"self":[{"href":"https:\/\/historisches-kirchhellen.de\/index.php?rest_route=\/wp\/v2\/pages\/588","targetHints":{"allow":["GET"]}}],"collection":[{"href":"https:\/\/historisches-kirchhellen.de\/index.php?rest_route=\/wp\/v2\/pages"}],"about":[{"href":"https:\/\/historisches-kirchhellen.de\/index.php?rest_route=\/wp\/v2\/types\/page"}],"author":[{"embeddable":true,"href":"https:\/\/historisches-kirchhellen.de\/index.php?rest_route=\/wp\/v2\/users\/1"}],"replies":[{"embeddable":true,"href":"https:\/\/historisches-kirchhellen.de\/index.php?rest_route=%2Fwp%2Fv2%2Fcomments&post=588"}],"version-history":[{"count":0,"href":"https:\/\/historisches-kirchhellen.de\/index.php?rest_route=\/wp\/v2\/pages\/588\/revisions"}],"up":[{"embeddable":true,"href":"https:\/\/historisches-kirchhellen.de\/index.php?rest_route=\/wp\/v2\/pages\/123"}],"wp:attachment":[{"href":"https:\/\/historisches-kirchhellen.de\/index.php?rest_route=%2Fwp%2Fv2%2Fmedia&parent=588"}],"curies":[{"name":"wp","href":"https:\/\/api.w.org\/{rel}","templated":true}]}}