{"id":598,"date":"2019-05-16T18:16:08","date_gmt":"2019-05-16T18:16:08","guid":{"rendered":"http:\/\/historisches-kirchhellen.de\/?page_id=598"},"modified":"2019-05-16T18:16:08","modified_gmt":"2019-05-16T18:16:08","slug":"am-hagelkreuz","status":"publish","type":"page","link":"https:\/\/historisches-kirchhellen.de\/?page_id=598","title":{"rendered":"Am Hagelkreuz"},"content":{"rendered":"\n<p>Dieser Weg l\u00e4uft von der Stra\u00dfe \u201eAuf dem Schimmel\u201c in H\u00f6he des Rastplatzes \u201eSchimmels Ruh\u201c in einem weiten Bogen zur <a href=\"http:\/\/historisches-kirchhellen.de\/?page_id=414\">Hackfurthstra\u00dfe<\/a>. Er f\u00fchrt \u00fcber die h\u00f6chste Erhebung (Karnickelberg = 75 m) und wurde nach der auf dieser H\u00f6he im Jahre 1668 von der Familie von Brabeck nach einem furchtbaren Hagelschlag errichteten Kreuzigungsgruppe benannt. Der Name des K\u00fcnstlers ist nicht \u00fcberliefert. Nach dem v\u00f6lligen Zerfall der Sandsteinfiguren durch Umwelteinfl\u00fcsse hat der Bildhauer G. Kappen einen neuen Korpus geschaffen. <\/p>\n","protected":false},"excerpt":{"rendered":"<p>Dieser Weg l\u00e4uft von der Stra\u00dfe \u201eAuf dem Schimmel\u201c in H\u00f6he des Rastplatzes \u201eSchimmels Ruh\u201c in einem weiten Bogen zur Hackfurthstra\u00dfe. Er f\u00fchrt \u00fcber die &hellip; <\/p>\n","protected":false},"author":1,"featured_media":0,"parent":123,"menu_order":68,"comment_status":"closed","ping_status":"closed","template":"","meta":{"_acf_changed":false,"footnotes":""},"class_list":["post-598","page","type-page","status-publish","hentry"],"acf":[],"jetpack_sharing_enabled":true,"_links":{"self":[{"href":"https:\/\/historisches-kirchhellen.de\/index.php?rest_route=\/wp\/v2\/pages\/598","targetHints":{"allow":["GET"]}}],"collection":[{"href":"https:\/\/historisches-kirchhellen.de\/index.php?rest_route=\/wp\/v2\/pages"}],"about":[{"href":"https:\/\/historisches-kirchhellen.de\/index.php?rest_route=\/wp\/v2\/types\/page"}],"author":[{"embeddable":true,"href":"https:\/\/historisches-kirchhellen.de\/index.php?rest_route=\/wp\/v2\/users\/1"}],"replies":[{"embeddable":true,"href":"https:\/\/historisches-kirchhellen.de\/index.php?rest_route=%2Fwp%2Fv2%2Fcomments&post=598"}],"version-history":[{"count":0,"href":"https:\/\/historisches-kirchhellen.de\/index.php?rest_route=\/wp\/v2\/pages\/598\/revisions"}],"up":[{"embeddable":true,"href":"https:\/\/historisches-kirchhellen.de\/index.php?rest_route=\/wp\/v2\/pages\/123"}],"wp:attachment":[{"href":"https:\/\/historisches-kirchhellen.de\/index.php?rest_route=%2Fwp%2Fv2%2Fmedia&parent=598"}],"curies":[{"name":"wp","href":"https:\/\/api.w.org\/{rel}","templated":true}]}}