{"id":600,"date":"2019-05-16T18:17:49","date_gmt":"2019-05-16T18:17:49","guid":{"rendered":"http:\/\/historisches-kirchhellen.de\/?page_id=600"},"modified":"2019-05-16T18:17:56","modified_gmt":"2019-05-16T18:17:56","slug":"am-kuhberg","status":"publish","type":"page","link":"https:\/\/historisches-kirchhellen.de\/?page_id=600","title":{"rendered":"Am Kuhberg"},"content":{"rendered":"\n<p>Eine Stra\u00dfe im Feldhausener Bereich, die eine Verbindung von der <a href=\"http:\/\/historisches-kirchhellen.de\/?page_id=528\">Dorstener Stra\u00dfe<\/a> (L618) \u00fcber \u201eHohes Feld\u201c und <a href=\"http:\/\/historisches-kirchhellen.de\/?page_id=333\">Kapellenstra\u00dfe<\/a> zur Mitte Feldhausens herstellt. Was gibt nun der Name Kuhberg her? Es w\u00e4re zu einfach, ihn mit dem Hausrind in Verbindung zu bringen, also zu sagen, die Feldh\u00e4user h\u00e4tten dort in alter Zeit ihre K\u00fche geweidet. Die Flurnamen Kirchhellens sind ja nachweislich zu alt, um es sich so leicht zu machen. Schon im \u201eXantener Register\u201c (13. Jahrhundert) wird der Kuhberg als Kuhberg bezeichnet. Zu dieser Zeit hat man aber die Kuh sicherlich nicht Kuh, sondern Kauh oder Koh genannt.<\/p>\n\n\n\n<p>Es bleibt nicht anderes \u00fcbrig, als auch hier, wie in so vielen F\u00e4llen, vergleichende Studien anzustellen, und da wird man schon bald f\u00fcndig. Im Westf\u00e4lischen gibt es zwei Ortsbezeichnungen mit der Vorsilbe \u201eKuh-\u201c: Kuhlage und Kuhschlade. Kuhlage hie\u00df ehedem Cude- lage und Kuhschlde Cude-schlade.<\/p>\n\n\n\n<p>Nimmt man an, der Kuhberg h\u00e4tte in grauer Vorzeit Cude-berg gehei\u00dfen, k\u00e4me man der Namensdeutung schon wesentlich n\u00e4her, denn dann w\u00e4re er eine bewaldete Anh\u00f6he mit einer benachbarten Bachquelle gewesen. Das indogermanische Wort \u201ecud\u201c besagt n\u00e4mlich nichts anderes als Wasser, flie\u00dfendes Wasser. Wo ist aber oder war hier das letztere? Auch daf\u00fcr gibt es eine plausible Antwort: entspringen Grenzbach und sein Nebenbach nicht am Rande des Kuhbergs?<\/p>\n","protected":false},"excerpt":{"rendered":"<p>Eine Stra\u00dfe im Feldhausener Bereich, die eine Verbindung von der Dorstener Stra\u00dfe (L618) \u00fcber \u201eHohes Feld\u201c und Kapellenstra\u00dfe zur Mitte Feldhausens herstellt. Was gibt nun &hellip; <\/p>\n","protected":false},"author":1,"featured_media":0,"parent":123,"menu_order":65,"comment_status":"closed","ping_status":"closed","template":"","meta":{"_acf_changed":false,"footnotes":""},"class_list":["post-600","page","type-page","status-publish","hentry"],"acf":[],"jetpack_sharing_enabled":true,"_links":{"self":[{"href":"https:\/\/historisches-kirchhellen.de\/index.php?rest_route=\/wp\/v2\/pages\/600","targetHints":{"allow":["GET"]}}],"collection":[{"href":"https:\/\/historisches-kirchhellen.de\/index.php?rest_route=\/wp\/v2\/pages"}],"about":[{"href":"https:\/\/historisches-kirchhellen.de\/index.php?rest_route=\/wp\/v2\/types\/page"}],"author":[{"embeddable":true,"href":"https:\/\/historisches-kirchhellen.de\/index.php?rest_route=\/wp\/v2\/users\/1"}],"replies":[{"embeddable":true,"href":"https:\/\/historisches-kirchhellen.de\/index.php?rest_route=%2Fwp%2Fv2%2Fcomments&post=600"}],"version-history":[{"count":0,"href":"https:\/\/historisches-kirchhellen.de\/index.php?rest_route=\/wp\/v2\/pages\/600\/revisions"}],"up":[{"embeddable":true,"href":"https:\/\/historisches-kirchhellen.de\/index.php?rest_route=\/wp\/v2\/pages\/123"}],"wp:attachment":[{"href":"https:\/\/historisches-kirchhellen.de\/index.php?rest_route=%2Fwp%2Fv2%2Fmedia&parent=600"}],"curies":[{"name":"wp","href":"https:\/\/api.w.org\/{rel}","templated":true}]}}