{"id":603,"date":"2019-05-16T18:18:42","date_gmt":"2019-05-16T18:18:42","guid":{"rendered":"http:\/\/historisches-kirchhellen.de\/?page_id=603"},"modified":"2019-05-16T18:18:42","modified_gmt":"2019-05-16T18:18:42","slug":"am-pastors-busch","status":"publish","type":"page","link":"https:\/\/historisches-kirchhellen.de\/?page_id=603","title":{"rendered":"Am Pastors Busch"},"content":{"rendered":"\n<p>Diese Stra\u00dfe stellt eine Querverbindung in Ost-West-Richtung zwischen der <a href=\"http:\/\/historisches-kirchhellen.de\/?page_id=585\">Burgstra\u00df<\/a>e im Osten und der nicht mehr angebundenen <a href=\"http:\/\/historisches-kirchhellen.de\/?page_id=564\">Bottroper Stra\u00dfe<\/a> im Westen her. S\u00fcdlich des alten Pastoratgeb\u00e4udes, das zwischen <a href=\"http:\/\/historisches-kirchhellen.de\/?page_id=335\">Kaplan-Xanten-Stra\u00dfe<\/a> und <a href=\"http:\/\/historisches-kirchhellen.de\/?page_id=414\">Hackfurthstra\u00dfe<\/a> lag, befindet sich noch heute ein kleines Eichenw\u00e4ldchen, das ehedem zum Pastorat geh\u00f6rte. Wie die Urkatasterkarte beweist, befand sich an dieser Stelle auch einer der bereits 1660 erw\u00e4hnten Hausteiche, der sp\u00e4ter &#8222;zugel\u00e4ndet ist&#8220; &#8211; so das kurf\u00fcrstliche Lagerbuch &#8211; und dann aufgeforstet wurde. <\/p>\n","protected":false},"excerpt":{"rendered":"<p>Diese Stra\u00dfe stellt eine Querverbindung in Ost-West-Richtung zwischen der Burgstra\u00dfe im Osten und der nicht mehr angebundenen Bottroper Stra\u00dfe im Westen her. S\u00fcdlich des alten &hellip; <\/p>\n","protected":false},"author":1,"featured_media":0,"parent":123,"menu_order":73,"comment_status":"closed","ping_status":"closed","template":"","meta":{"_acf_changed":false,"footnotes":""},"class_list":["post-603","page","type-page","status-publish","hentry"],"acf":[],"jetpack_sharing_enabled":true,"_links":{"self":[{"href":"https:\/\/historisches-kirchhellen.de\/index.php?rest_route=\/wp\/v2\/pages\/603","targetHints":{"allow":["GET"]}}],"collection":[{"href":"https:\/\/historisches-kirchhellen.de\/index.php?rest_route=\/wp\/v2\/pages"}],"about":[{"href":"https:\/\/historisches-kirchhellen.de\/index.php?rest_route=\/wp\/v2\/types\/page"}],"author":[{"embeddable":true,"href":"https:\/\/historisches-kirchhellen.de\/index.php?rest_route=\/wp\/v2\/users\/1"}],"replies":[{"embeddable":true,"href":"https:\/\/historisches-kirchhellen.de\/index.php?rest_route=%2Fwp%2Fv2%2Fcomments&post=603"}],"version-history":[{"count":0,"href":"https:\/\/historisches-kirchhellen.de\/index.php?rest_route=\/wp\/v2\/pages\/603\/revisions"}],"up":[{"embeddable":true,"href":"https:\/\/historisches-kirchhellen.de\/index.php?rest_route=\/wp\/v2\/pages\/123"}],"wp:attachment":[{"href":"https:\/\/historisches-kirchhellen.de\/index.php?rest_route=%2Fwp%2Fv2%2Fmedia&parent=603"}],"curies":[{"name":"wp","href":"https:\/\/api.w.org\/{rel}","templated":true}]}}