{"id":605,"date":"2019-05-16T18:19:30","date_gmt":"2019-05-16T18:19:30","guid":{"rendered":"http:\/\/historisches-kirchhellen.de\/?page_id=605"},"modified":"2019-05-23T18:05:54","modified_gmt":"2019-05-23T18:05:54","slug":"am-ruhl","status":"publish","type":"page","link":"https:\/\/historisches-kirchhellen.de\/?page_id=605","title":{"rendered":"Am Ruhl"},"content":{"rendered":"\n<p>\u201eAm Ruhl\u201c verbindet in H\u00f6he des Hofes Bornemann den <a href=\"http:\/\/historisches-kirchhellen.de\/?page_id=369\">Lippweg<\/a> mit der <a href=\"http:\/\/historisches-kirchhellen.de\/?page_id=414\">Hackfurthstra\u00dfe<\/a>. <\/p>\n\n\n\n<p>R\u00fchle an der Weser kehrt an der Ems bei Meppen (1280 Rule) mit Moor wieder, womit der Wortsinn von \u201erul\u201c bereits angedeutet ist. Ein Rulsbach flie\u00dft zur Nordrach\/Kinzig, ein R\u00fchlenbach zum Krempelbach\/Kocher. Auch R\u00fclzheim (R\u00fclichesheim), sumpfig am Rhein n\u00f6rdlich Karlsruhe gelegen, meint nichts anderes. Ein Ruhl ist demnach ein sumpfiges Moorloch, hier nur zu verst\u00e4ndlich, wenn man die Namen der nahegelegenen H\u00f6fe Bornemann, Hackfurth, Breil als eindeutige Wasserw\u00f6rter analysiert. <\/p>\n\n\n\n<figure class=\"wp-block-image\"><a href=\"http:\/\/historisches-kirchhellen.de\/wp-content\/uploads\/2019\/05\/Am-Ruhl-17.04.2014.jpg\"><img loading=\"lazy\" decoding=\"async\" width=\"746\" height=\"559\" src=\"http:\/\/historisches-kirchhellen.de\/wp-content\/uploads\/2019\/05\/Am-Ruhl-17.04.2014.jpg\" alt=\"\" class=\"wp-image-975\" srcset=\"https:\/\/historisches-kirchhellen.de\/wp-content\/uploads\/2019\/05\/Am-Ruhl-17.04.2014.jpg 746w, https:\/\/historisches-kirchhellen.de\/wp-content\/uploads\/2019\/05\/Am-Ruhl-17.04.2014-300x225.jpg 300w\" sizes=\"auto, (max-width: 746px) 100vw, 746px\" \/><\/a><figcaption>Am Ruhl aus Blickrichtung Hackfurthstra\u00dfe<\/figcaption><\/figure>\n","protected":false},"excerpt":{"rendered":"<p>\u201eAm Ruhl\u201c verbindet in H\u00f6he des Hofes Bornemann den Lippweg mit der Hackfurthstra\u00dfe. R\u00fchle an der Weser kehrt an der Ems bei Meppen (1280 Rule) &hellip; <\/p>\n","protected":false},"author":1,"featured_media":0,"parent":123,"menu_order":75,"comment_status":"closed","ping_status":"closed","template":"","meta":{"_acf_changed":false,"footnotes":""},"class_list":["post-605","page","type-page","status-publish","hentry"],"acf":[],"jetpack_sharing_enabled":true,"_links":{"self":[{"href":"https:\/\/historisches-kirchhellen.de\/index.php?rest_route=\/wp\/v2\/pages\/605","targetHints":{"allow":["GET"]}}],"collection":[{"href":"https:\/\/historisches-kirchhellen.de\/index.php?rest_route=\/wp\/v2\/pages"}],"about":[{"href":"https:\/\/historisches-kirchhellen.de\/index.php?rest_route=\/wp\/v2\/types\/page"}],"author":[{"embeddable":true,"href":"https:\/\/historisches-kirchhellen.de\/index.php?rest_route=\/wp\/v2\/users\/1"}],"replies":[{"embeddable":true,"href":"https:\/\/historisches-kirchhellen.de\/index.php?rest_route=%2Fwp%2Fv2%2Fcomments&post=605"}],"version-history":[{"count":0,"href":"https:\/\/historisches-kirchhellen.de\/index.php?rest_route=\/wp\/v2\/pages\/605\/revisions"}],"up":[{"embeddable":true,"href":"https:\/\/historisches-kirchhellen.de\/index.php?rest_route=\/wp\/v2\/pages\/123"}],"wp:attachment":[{"href":"https:\/\/historisches-kirchhellen.de\/index.php?rest_route=%2Fwp%2Fv2%2Fmedia&parent=605"}],"curies":[{"name":"wp","href":"https:\/\/api.w.org\/{rel}","templated":true}]}}