{"id":607,"date":"2019-05-16T18:21:10","date_gmt":"2019-05-16T18:21:10","guid":{"rendered":"http:\/\/historisches-kirchhellen.de\/?page_id=607"},"modified":"2019-05-16T18:21:10","modified_gmt":"2019-05-16T18:21:10","slug":"am-schleitkamp","status":"publish","type":"page","link":"https:\/\/historisches-kirchhellen.de\/?page_id=607","title":{"rendered":"Am Schleitkamp"},"content":{"rendered":"\n<p>Am Schleitkamp stellt die Verbindung zwischen der <a href=\"http:\/\/historisches-kirchhellen.de\/?page_id=564\">Bottroper Stra\u00dfe<\/a> (L 623) in H\u00f6he der Gastwirtschaft Jandewerth-Beyer \u00fcber die Stra\u00dfe <a href=\"http:\/\/historisches-kirchhellen.de\/?page_id=252\">Sensenfeld<\/a> mit dem <a href=\"http:\/\/historisches-kirchhellen.de\/?page_id=130\">Alten Postweg<\/a> her. Der Teil zwischen Sensenfeld und <a href=\"http:\/\/historisches-kirchhellen.de\/?page_id=224\">Schlesierstra\u00dfe<\/a> ist nicht f\u00fcr den Autoverkehr freigegeben, da die Stra\u00dfe dort nur ein Sandweg ist. Bis zur Eingemeindung nach Bottrop hie\u00df diese Stra\u00dfe Buchenstra\u00dfe.\u00a0<\/p>\n\n\n\n<p>Der Name &#8222;Schleit&#8220; oder &#8222;Schleid&#8220; deutet auf mooriges, schlammiges Wasser hin. Siehe Schleiden\/Eifel; Schleid\/Rh\u00f6n; Schleidern bei Korbach. Diese Deutung scheint durchaus verst\u00e4ndlich, da die obere Boy, die dieser Weg \u00fcberquert, bis in unsere Zeit oftmals \u00fcber die Ufer trat und so den Weg nur schwer passierbar machte. Die Kirchhellener nannten deshalb den jenseits liegenden Wohnbereich auch Klein-Amerika, weil halt der Zugang durch den vom Bache verursachten &#8222;Ozean&#8220; sehr beschwerlich und nicht ohne Gefahr zu bew\u00e4ltigen war. Manch ein Kirchg\u00e4nger war Kavalier genug und trug seine Frau durch die &#8222;Fluten&#8220;, wie glaubw\u00fcrdig berichtet wurde.<\/p>\n","protected":false},"excerpt":{"rendered":"<p>Am Schleitkamp stellt die Verbindung zwischen der Bottroper Stra\u00dfe (L 623) in H\u00f6he der Gastwirtschaft Jandewerth-Beyer \u00fcber die Stra\u00dfe Sensenfeld mit dem Alten Postweg her. &hellip; <\/p>\n","protected":false},"author":1,"featured_media":0,"parent":123,"menu_order":77,"comment_status":"closed","ping_status":"closed","template":"","meta":{"_acf_changed":false,"footnotes":""},"class_list":["post-607","page","type-page","status-publish","hentry"],"acf":[],"jetpack_sharing_enabled":true,"_links":{"self":[{"href":"https:\/\/historisches-kirchhellen.de\/index.php?rest_route=\/wp\/v2\/pages\/607","targetHints":{"allow":["GET"]}}],"collection":[{"href":"https:\/\/historisches-kirchhellen.de\/index.php?rest_route=\/wp\/v2\/pages"}],"about":[{"href":"https:\/\/historisches-kirchhellen.de\/index.php?rest_route=\/wp\/v2\/types\/page"}],"author":[{"embeddable":true,"href":"https:\/\/historisches-kirchhellen.de\/index.php?rest_route=\/wp\/v2\/users\/1"}],"replies":[{"embeddable":true,"href":"https:\/\/historisches-kirchhellen.de\/index.php?rest_route=%2Fwp%2Fv2%2Fcomments&post=607"}],"version-history":[{"count":0,"href":"https:\/\/historisches-kirchhellen.de\/index.php?rest_route=\/wp\/v2\/pages\/607\/revisions"}],"up":[{"embeddable":true,"href":"https:\/\/historisches-kirchhellen.de\/index.php?rest_route=\/wp\/v2\/pages\/123"}],"wp:attachment":[{"href":"https:\/\/historisches-kirchhellen.de\/index.php?rest_route=%2Fwp%2Fv2%2Fmedia&parent=607"}],"curies":[{"name":"wp","href":"https:\/\/api.w.org\/{rel}","templated":true}]}}