{"id":609,"date":"2019-05-16T18:22:21","date_gmt":"2019-05-16T18:22:21","guid":{"rendered":"http:\/\/historisches-kirchhellen.de\/?page_id=609"},"modified":"2019-05-16T18:22:21","modified_gmt":"2019-05-16T18:22:21","slug":"am-schoelsbach","status":"publish","type":"page","link":"https:\/\/historisches-kirchhellen.de\/?page_id=609","title":{"rendered":"Am Sch\u00f6lsbach"},"content":{"rendered":"\n<p>Die vom <a href=\"http:\/\/historisches-kirchhellen.de\/?page_id=341\">Kirchhellener Ring<\/a> in H\u00f6he des Brauhauses ausgehende und nach Osten f\u00fchrende Stra\u00dfe (Verl\u00e4ngerung nach Norden zur <a href=\"http:\/\/historisches-kirchhellen.de\/?page_id=417\">Hauptstra\u00dfe<\/a> ist die <a href=\"http:\/\/historisches-kirchhellen.de\/?page_id=520\">Clemens-Hofbauer-Stra\u00dfe<\/a>) tr\u00e4gt diesen Namen.Im Kirchhellener Sprachgebrauch gibt es mehrere Sch\u00f6lsb\u00e4che, doch nur einer ist der richtige, die \u00fcbrigen sind lediglich Zufl\u00fcsse. Der eigentliche Sch\u00f6lsbach entspringt (entsprang) \u00f6stlich Schuhmachers Garten, floss durch Schulten Wiese (heute Bebauung <a href=\"http:\/\/historisches-kirchhellen.de\/?page_id=583\">Burghof<\/a>), unterquerte die Burgstra\u00dfe, floss durch Gr\u00e4ften und Teiche der ehemaligen Burg Kirchhellen, unterquerte weiter den <a href=\"http:\/\/historisches-kirchhellen.de\/?page_id=160\">Wellbraucksweg<\/a> und die <a href=\"http:\/\/historisches-kirchhellen.de\/?page_id=282\">Rentforter Stra\u00dfe<\/a>. Von hier aus l\u00e4sst sich der heutige Lauf des Baches weiter durch das Neubaugebiet Schultenkamp verfolgen, entlang der ehemaligen Bahntrasse nach Dorsten in die Lippe.<\/p>\n\n\n\n<p>Zur Namensdeutung: Dr. Hans Bahlow, Lehrbeauftragter f\u00fcr Namensforschung (1900-1982), leitete die Silbe Sch\u00f6ls- von den W\u00f6rtern \u201escol-, scul-, scal-\u201c ab. Alle Wortzusammensetzungen im Deutschen, Englischen und Holl\u00e4ndischen nehmen auf B\u00e4che bezug: Sculenbeke (Holland); Scholen (n\u00f6rdlich Sulingen): Schelden a.d. Wied; Sceldefleet (England). Somit handelt es sich bei unserem Sch\u00f6lsbach um nichts anderes als um eine Wortverdoppelung. Vielleicht ist sie eingetreten, als der Begriff \u201escul-, scal-, scol-\u201c f\u00fcr \u201eBach\u201c als Wortsinn verloren gegangen war, sich aber im Sprachgebrauch gehalten hat.<\/p>\n","protected":false},"excerpt":{"rendered":"<p>Die vom Kirchhellener Ring in H\u00f6he des Brauhauses ausgehende und nach Osten f\u00fchrende Stra\u00dfe (Verl\u00e4ngerung nach Norden zur Hauptstra\u00dfe ist die Clemens-Hofbauer-Stra\u00dfe) tr\u00e4gt diesen Namen.Im &hellip; <\/p>\n","protected":false},"author":1,"featured_media":0,"parent":123,"menu_order":79,"comment_status":"closed","ping_status":"closed","template":"","meta":{"_acf_changed":false,"footnotes":""},"class_list":["post-609","page","type-page","status-publish","hentry"],"acf":[],"jetpack_sharing_enabled":true,"_links":{"self":[{"href":"https:\/\/historisches-kirchhellen.de\/index.php?rest_route=\/wp\/v2\/pages\/609","targetHints":{"allow":["GET"]}}],"collection":[{"href":"https:\/\/historisches-kirchhellen.de\/index.php?rest_route=\/wp\/v2\/pages"}],"about":[{"href":"https:\/\/historisches-kirchhellen.de\/index.php?rest_route=\/wp\/v2\/types\/page"}],"author":[{"embeddable":true,"href":"https:\/\/historisches-kirchhellen.de\/index.php?rest_route=\/wp\/v2\/users\/1"}],"replies":[{"embeddable":true,"href":"https:\/\/historisches-kirchhellen.de\/index.php?rest_route=%2Fwp%2Fv2%2Fcomments&post=609"}],"version-history":[{"count":0,"href":"https:\/\/historisches-kirchhellen.de\/index.php?rest_route=\/wp\/v2\/pages\/609\/revisions"}],"up":[{"embeddable":true,"href":"https:\/\/historisches-kirchhellen.de\/index.php?rest_route=\/wp\/v2\/pages\/123"}],"wp:attachment":[{"href":"https:\/\/historisches-kirchhellen.de\/index.php?rest_route=%2Fwp%2Fv2%2Fmedia&parent=609"}],"curies":[{"name":"wp","href":"https:\/\/api.w.org\/{rel}","templated":true}]}}