{"id":611,"date":"2019-05-16T18:23:21","date_gmt":"2019-05-16T18:23:21","guid":{"rendered":"http:\/\/historisches-kirchhellen.de\/?page_id=611"},"modified":"2019-05-16T18:23:21","modified_gmt":"2019-05-16T18:23:21","slug":"am-tollstock","status":"publish","type":"page","link":"https:\/\/historisches-kirchhellen.de\/?page_id=611","title":{"rendered":"Am Tollstock"},"content":{"rendered":"\n<p>Von der L 623 gegen\u00fcber der Einm\u00fcndung der <a href=\"http:\/\/historisches-kirchhellen.de\/?page_id=524\">Dinslakener Stra\u00dfe<\/a> l\u00e4uft diese Stra\u00dfe in einem s\u00fcd\u00f6stlichen Bogen auf die <a href=\"http:\/\/historisches-kirchhellen.de\/?page_id=240\">Schulstra\u00dfe<\/a>.<\/p>\n\n\n\n<p>Bei oberfl\u00e4chlichem Hinh\u00f6ren denkt bei dieser Bezeichnung jeder gleich an einen Zollstock, aber sie hat weder etwas mit dem alten L\u00e4ngenma\u00df Zoll noch mit einem Stock zu tun. Der Begriff entstammt einer alten Flurbezeichnung und ist nicht ganz einfach zu deuten. Bahlow meint, dass die Silbe \u201etol\u201c synonym, also bedeutungsgleich mit \u201esol\u201c sei. Dann hie\u00dfe \u201etol\u201c bzw. \u201esol\u201c Sumpfwasser, wie in Tolenza = T\u00f6lz, Solenza = Sulz, Tol-ven (hier als Verdoppelung: Tol und Veen) in England, Tolosa = Toulouse.Die Silbe \u201eStock\u201c beweist durch das voraufgegangene Wort \u201eToll\u201c, dass hier Wasser und Stock keinen Sinn erg\u00e4ben. \u201eStock\u201c meint stagnierendes Wasser (stocken), wie in den Ortsnamen: Stockfleth\/Bremen; Stocksee\/Holstein; Stockey\/ Menden; Stocklarn\/Soest; Stockschlade\/Sieg usw.<\/p>\n\n\n\n<p>Nun muss man sich bei genauerem Hinsehen aber fragen: \u201eWo ist denn dort das ,stagnierende Wasser&#8216; bei einer H\u00f6he von 65 m \u00fcber NN?\u201c Nun, die Erkl\u00e4rung ist einfach, denn die Flur \u201eTollstock\u201c liegt in dem Flurbereich Nr. 19, der das Gebiet zwischen L 623 im Westen, der <a href=\"http:\/\/historisches-kirchhellen.de\/?page_id=493\">Gartenstra\u00dfe<\/a> im Osten, dem <a href=\"http:\/\/historisches-kirchhellen.de\/?page_id=357\">Kreuzkamp<\/a> im Norden und <a href=\"http:\/\/historisches-kirchhellen.de\/?page_id=341\">Kirchhellener Ring<\/a> im S\u00fcden umfasst. Und hier m\u00fcssen wir nach Wasser, Sumpf und Moor (gestocktes Wasser) nicht lange suchen, liegt doch in diesem Gebiet der Quellbereich des Br\u00e4ukebaches<\/p>\n","protected":false},"excerpt":{"rendered":"<p>Von der L 623 gegen\u00fcber der Einm\u00fcndung der Dinslakener Stra\u00dfe l\u00e4uft diese Stra\u00dfe in einem s\u00fcd\u00f6stlichen Bogen auf die Schulstra\u00dfe. Bei oberfl\u00e4chlichem Hinh\u00f6ren denkt bei &hellip; <\/p>\n","protected":false},"author":1,"featured_media":0,"parent":123,"menu_order":81,"comment_status":"closed","ping_status":"closed","template":"","meta":{"_acf_changed":false,"footnotes":""},"class_list":["post-611","page","type-page","status-publish","hentry"],"acf":[],"jetpack_sharing_enabled":true,"_links":{"self":[{"href":"https:\/\/historisches-kirchhellen.de\/index.php?rest_route=\/wp\/v2\/pages\/611","targetHints":{"allow":["GET"]}}],"collection":[{"href":"https:\/\/historisches-kirchhellen.de\/index.php?rest_route=\/wp\/v2\/pages"}],"about":[{"href":"https:\/\/historisches-kirchhellen.de\/index.php?rest_route=\/wp\/v2\/types\/page"}],"author":[{"embeddable":true,"href":"https:\/\/historisches-kirchhellen.de\/index.php?rest_route=\/wp\/v2\/users\/1"}],"replies":[{"embeddable":true,"href":"https:\/\/historisches-kirchhellen.de\/index.php?rest_route=%2Fwp%2Fv2%2Fcomments&post=611"}],"version-history":[{"count":0,"href":"https:\/\/historisches-kirchhellen.de\/index.php?rest_route=\/wp\/v2\/pages\/611\/revisions"}],"up":[{"embeddable":true,"href":"https:\/\/historisches-kirchhellen.de\/index.php?rest_route=\/wp\/v2\/pages\/123"}],"wp:attachment":[{"href":"https:\/\/historisches-kirchhellen.de\/index.php?rest_route=%2Fwp%2Fv2%2Fmedia&parent=611"}],"curies":[{"name":"wp","href":"https:\/\/api.w.org\/{rel}","templated":true}]}}