{"id":615,"date":"2019-05-16T18:24:31","date_gmt":"2019-05-16T18:24:31","guid":{"rendered":"http:\/\/historisches-kirchhellen.de\/?page_id=615"},"modified":"2019-05-16T18:24:31","modified_gmt":"2019-05-16T18:24:31","slug":"an-der-dringenburg","status":"publish","type":"page","link":"https:\/\/historisches-kirchhellen.de\/?page_id=615","title":{"rendered":"An der Dringenburg"},"content":{"rendered":"\n<p>Wie der Name schon sagt, f\u00fchrt diese Stra\u00dfe von der <a href=\"http:\/\/historisches-kirchhellen.de\/?page_id=270\">Pelsstra\u00dfe<\/a> an der Dringenburg vorbei bis zur Stra\u00dfe \u201e<a href=\"http:\/\/historisches-kirchhellen.de\/?page_id=546\">Berliner Berg<\/a>\u201c. <\/p>\n\n\n\n<p>Sicherlich stammt der erste Wortteil vom vorgermanischen-keltoligurischen Wort \u201edrin\u201c und \u201etrin\u201c, das Moor oder Sumpf bedeutet, durchaus verst\u00e4ndlich, da auch die zweite Silbe \u201egen\u201c (keltisch) auf sumpfiges Gel\u00e4nde hindeutet. <\/p>\n","protected":false},"excerpt":{"rendered":"<p>Wie der Name schon sagt, f\u00fchrt diese Stra\u00dfe von der Pelsstra\u00dfe an der Dringenburg vorbei bis zur Stra\u00dfe \u201eBerliner Berg\u201c. Sicherlich stammt der erste Wortteil &hellip; <\/p>\n","protected":false},"author":1,"featured_media":0,"parent":123,"menu_order":86,"comment_status":"closed","ping_status":"closed","template":"","meta":{"_acf_changed":false,"footnotes":""},"class_list":["post-615","page","type-page","status-publish","hentry"],"acf":[],"jetpack_sharing_enabled":true,"_links":{"self":[{"href":"https:\/\/historisches-kirchhellen.de\/index.php?rest_route=\/wp\/v2\/pages\/615","targetHints":{"allow":["GET"]}}],"collection":[{"href":"https:\/\/historisches-kirchhellen.de\/index.php?rest_route=\/wp\/v2\/pages"}],"about":[{"href":"https:\/\/historisches-kirchhellen.de\/index.php?rest_route=\/wp\/v2\/types\/page"}],"author":[{"embeddable":true,"href":"https:\/\/historisches-kirchhellen.de\/index.php?rest_route=\/wp\/v2\/users\/1"}],"replies":[{"embeddable":true,"href":"https:\/\/historisches-kirchhellen.de\/index.php?rest_route=%2Fwp%2Fv2%2Fcomments&post=615"}],"version-history":[{"count":0,"href":"https:\/\/historisches-kirchhellen.de\/index.php?rest_route=\/wp\/v2\/pages\/615\/revisions"}],"up":[{"embeddable":true,"href":"https:\/\/historisches-kirchhellen.de\/index.php?rest_route=\/wp\/v2\/pages\/123"}],"wp:attachment":[{"href":"https:\/\/historisches-kirchhellen.de\/index.php?rest_route=%2Fwp%2Fv2%2Fmedia&parent=615"}],"curies":[{"name":"wp","href":"https:\/\/api.w.org\/{rel}","templated":true}]}}