{"id":620,"date":"2019-05-16T18:25:43","date_gmt":"2019-05-16T18:25:43","guid":{"rendered":"http:\/\/historisches-kirchhellen.de\/?page_id=620"},"modified":"2019-05-16T18:25:43","modified_gmt":"2019-05-16T18:25:43","slug":"an-der-linde","status":"publish","type":"page","link":"https:\/\/historisches-kirchhellen.de\/?page_id=620","title":{"rendered":"An der Linde"},"content":{"rendered":"\n<p>Eine Stra\u00dfe von der L 623 in H\u00f6he der fr\u00fcheren Gastwirtschaft Haseke nach Westen bis \u201eAuf dem Espel\u201c laufend. <\/p>\n\n\n\n<p>Sie wurde benannt nach einer m\u00e4chtigen, uralten Linde mit einem Feldkreuz, die vor dem Hause Rommeswinkel stand und in den vierziger Jahren gef\u00e4llt werden musste. Alte Kirchhellener k\u00f6nnen sich vielleicht noch an \u201eLinden Tille\u201c (Mechthilde Janinhoff) erinnern, die in dem Hause an der Linde wohnte. Ob diese Linde Pate gestanden hat bei der Flurbezeichnung \u201eB\u00f6rkerlinde\u201c, ist zweifelhaft. In \u201eB\u00f6rker-Linde\u201c steckt wohl die alte, ausgestorbene Bauerschaftsbezeichnung \u201eBorcow, Borcovet, Borkau, Borchoe\u201c. So hei\u00dft es in einer Urkunde des Hauses Dringenburg: \u201e&#8230; in der Burschop Borchoe\u201c (1511). \u00a0Diese Bauerschaft Borkau, an die auch noch die Stra\u00dfe \u201eB\u00f6rkerfeld\u201c erinnert, lag zwischen Hardinghausen und Ekel. Mit der B\u00f6rker Linde war darum wohl die m\u00e4chtige Linde auf dem \u201eBerliner Berg\u201c gemeint. <\/p>\n","protected":false},"excerpt":{"rendered":"<p>Eine Stra\u00dfe von der L 623 in H\u00f6he der fr\u00fcheren Gastwirtschaft Haseke nach Westen bis \u201eAuf dem Espel\u201c laufend. Sie wurde benannt nach einer m\u00e4chtigen, &hellip; <\/p>\n","protected":false},"author":1,"featured_media":0,"parent":123,"menu_order":85,"comment_status":"closed","ping_status":"closed","template":"","meta":{"_acf_changed":false,"footnotes":""},"class_list":["post-620","page","type-page","status-publish","hentry"],"acf":[],"jetpack_sharing_enabled":true,"_links":{"self":[{"href":"https:\/\/historisches-kirchhellen.de\/index.php?rest_route=\/wp\/v2\/pages\/620","targetHints":{"allow":["GET"]}}],"collection":[{"href":"https:\/\/historisches-kirchhellen.de\/index.php?rest_route=\/wp\/v2\/pages"}],"about":[{"href":"https:\/\/historisches-kirchhellen.de\/index.php?rest_route=\/wp\/v2\/types\/page"}],"author":[{"embeddable":true,"href":"https:\/\/historisches-kirchhellen.de\/index.php?rest_route=\/wp\/v2\/users\/1"}],"replies":[{"embeddable":true,"href":"https:\/\/historisches-kirchhellen.de\/index.php?rest_route=%2Fwp%2Fv2%2Fcomments&post=620"}],"version-history":[{"count":0,"href":"https:\/\/historisches-kirchhellen.de\/index.php?rest_route=\/wp\/v2\/pages\/620\/revisions"}],"up":[{"embeddable":true,"href":"https:\/\/historisches-kirchhellen.de\/index.php?rest_route=\/wp\/v2\/pages\/123"}],"wp:attachment":[{"href":"https:\/\/historisches-kirchhellen.de\/index.php?rest_route=%2Fwp%2Fv2%2Fmedia&parent=620"}],"curies":[{"name":"wp","href":"https:\/\/api.w.org\/{rel}","templated":true}]}}