{"id":624,"date":"2019-05-16T18:27:07","date_gmt":"2019-05-16T18:27:07","guid":{"rendered":"http:\/\/historisches-kirchhellen.de\/?page_id=624"},"modified":"2019-05-16T18:27:07","modified_gmt":"2019-05-16T18:27:07","slug":"an-der-windmuehle","status":"publish","type":"page","link":"https:\/\/historisches-kirchhellen.de\/?page_id=624","title":{"rendered":"An der Windm\u00fchle"},"content":{"rendered":"\n<p>Sie ist eine Stra\u00dfe in dem Wohngebiet zwischen <a href=\"http:\/\/historisches-kirchhellen.de\/?page_id=371\">Loewenfeldstra\u00dfe<\/a> und <a href=\"http:\/\/historisches-kirchhellen.de\/?page_id=240\">Schulstra\u00dfe<\/a>. Nur ein Gott sei Dank gut erhaltener Torso erinnert an die auf dem Windm\u00fchlenberg von einem Mann namens Funke im Jahre 1801 errichtete Windm\u00fchle. <\/p>\n","protected":false},"excerpt":{"rendered":"<p>Sie ist eine Stra\u00dfe in dem Wohngebiet zwischen Loewenfeldstra\u00dfe und Schulstra\u00dfe. Nur ein Gott sei Dank gut erhaltener Torso erinnert an die auf dem Windm\u00fchlenberg &hellip; <\/p>\n","protected":false},"author":1,"featured_media":0,"parent":123,"menu_order":89,"comment_status":"closed","ping_status":"closed","template":"","meta":{"_acf_changed":false,"footnotes":""},"class_list":["post-624","page","type-page","status-publish","hentry"],"acf":[],"jetpack_sharing_enabled":true,"_links":{"self":[{"href":"https:\/\/historisches-kirchhellen.de\/index.php?rest_route=\/wp\/v2\/pages\/624","targetHints":{"allow":["GET"]}}],"collection":[{"href":"https:\/\/historisches-kirchhellen.de\/index.php?rest_route=\/wp\/v2\/pages"}],"about":[{"href":"https:\/\/historisches-kirchhellen.de\/index.php?rest_route=\/wp\/v2\/types\/page"}],"author":[{"embeddable":true,"href":"https:\/\/historisches-kirchhellen.de\/index.php?rest_route=\/wp\/v2\/users\/1"}],"replies":[{"embeddable":true,"href":"https:\/\/historisches-kirchhellen.de\/index.php?rest_route=%2Fwp%2Fv2%2Fcomments&post=624"}],"version-history":[{"count":0,"href":"https:\/\/historisches-kirchhellen.de\/index.php?rest_route=\/wp\/v2\/pages\/624\/revisions"}],"up":[{"embeddable":true,"href":"https:\/\/historisches-kirchhellen.de\/index.php?rest_route=\/wp\/v2\/pages\/123"}],"wp:attachment":[{"href":"https:\/\/historisches-kirchhellen.de\/index.php?rest_route=%2Fwp%2Fv2%2Fmedia&parent=624"}],"curies":[{"name":"wp","href":"https:\/\/api.w.org\/{rel}","templated":true}]}}