{"id":626,"date":"2019-05-16T18:27:39","date_gmt":"2019-05-16T18:27:39","guid":{"rendered":"http:\/\/historisches-kirchhellen.de\/?page_id=626"},"modified":"2019-05-16T18:27:39","modified_gmt":"2019-05-16T18:27:39","slug":"andresen-strang","status":"publish","type":"page","link":"https:\/\/historisches-kirchhellen.de\/?page_id=626","title":{"rendered":"Andresen Strang"},"content":{"rendered":"\n<p>Diese Stra\u00dfe stellt eine Verbindung zwischen <a href=\"http:\/\/historisches-kirchhellen.de\/?page_id=326\">Ottenschlag<\/a> und <a href=\"http:\/\/historisches-kirchhellen.de\/?page_id=423\">Heimersfeld<\/a> her.<\/p>\n\n\n\n<p>Das zweite Wort \u201eStrang\u201c ist einfach erkl\u00e4rt mit Strecke, vielleicht einer l\u00e4ngeren Strecke. Bei \u201eAndresen\u201c aber sind wir auf Vermutungen angewiesen. Ob man das Wort von dem Eigennamen Andres = Andreas herleiten kann, bleibt dahingestellt. Manche wollen den Namen von dem \u201eLangen Andres\u201c Bromkamp-Janknecht ableiten. M\u00f6glich w\u00e4re es sicherlich. Es g\u00e4be auch noch eine weitere M\u00f6glichkeit, n\u00e4mlich zu vermuten, dass der Originalname \u201eAn Dresen Strang\u201c gewesen sein k\u00f6nnte. Hierzu sagte der Namensforscher Dr. Bahlow, dass kein W\u00f6rterbuch \u00fcber \u201edres\u201c Auskunft geben kann. In Verbindung aber mit Dreis\/Eifel; Dreis-born\/Arnsberg; Dreislar bei Brilon, Dreisen in der Pfalz usw. k\u00f6nnte es auf ein verklungenes Wasserwort hinweisen, zumal man mit \u201edreis\u201c und \u201etreis\u201c in der Eifel eine Mineralwasserquelle bezeichnet. \u201eAn Dreisen-Strang\u201c? Das gro\u00dfe Fragezeichen wird wohl stehenbleiben m\u00fcssen.<\/p>\n","protected":false},"excerpt":{"rendered":"<p>Diese Stra\u00dfe stellt eine Verbindung zwischen Ottenschlag und Heimersfeld her. Das zweite Wort \u201eStrang\u201c ist einfach erkl\u00e4rt mit Strecke, vielleicht einer l\u00e4ngeren Strecke. Bei \u201eAndresen\u201c &hellip; <\/p>\n","protected":false},"author":1,"featured_media":0,"parent":123,"menu_order":93,"comment_status":"closed","ping_status":"closed","template":"","meta":{"_acf_changed":false,"footnotes":""},"class_list":["post-626","page","type-page","status-publish","hentry"],"acf":[],"jetpack_sharing_enabled":true,"_links":{"self":[{"href":"https:\/\/historisches-kirchhellen.de\/index.php?rest_route=\/wp\/v2\/pages\/626","targetHints":{"allow":["GET"]}}],"collection":[{"href":"https:\/\/historisches-kirchhellen.de\/index.php?rest_route=\/wp\/v2\/pages"}],"about":[{"href":"https:\/\/historisches-kirchhellen.de\/index.php?rest_route=\/wp\/v2\/types\/page"}],"author":[{"embeddable":true,"href":"https:\/\/historisches-kirchhellen.de\/index.php?rest_route=\/wp\/v2\/users\/1"}],"replies":[{"embeddable":true,"href":"https:\/\/historisches-kirchhellen.de\/index.php?rest_route=%2Fwp%2Fv2%2Fcomments&post=626"}],"version-history":[{"count":0,"href":"https:\/\/historisches-kirchhellen.de\/index.php?rest_route=\/wp\/v2\/pages\/626\/revisions"}],"up":[{"embeddable":true,"href":"https:\/\/historisches-kirchhellen.de\/index.php?rest_route=\/wp\/v2\/pages\/123"}],"wp:attachment":[{"href":"https:\/\/historisches-kirchhellen.de\/index.php?rest_route=%2Fwp%2Fv2%2Fmedia&parent=626"}],"curies":[{"name":"wp","href":"https:\/\/api.w.org\/{rel}","templated":true}]}}