{"id":628,"date":"2019-05-16T18:28:29","date_gmt":"2019-05-16T18:28:29","guid":{"rendered":"http:\/\/historisches-kirchhellen.de\/?page_id=628"},"modified":"2019-05-16T18:28:29","modified_gmt":"2019-05-16T18:28:29","slug":"an-st-johannes","status":"publish","type":"page","link":"https:\/\/historisches-kirchhellen.de\/?page_id=628","title":{"rendered":"An St. Johannes"},"content":{"rendered":"\n<p>\u201eAn St. Johannes\u201c f\u00fchrt von der <a href=\"http:\/\/historisches-kirchhellen.de\/?page_id=417\">Hauptstra\u00dfe<\/a> \u00fcber die Bredde zum <a href=\"http:\/\/historisches-kirchhellen.de\/?page_id=341\">Kirchhellener Ring<\/a>. Sie wurde benannt nach der dort im Jahre 1924\/25 errichteten neuen Pfarrkirche, St. Johannes der T\u00e4ufer. Bis zum Zusammenschluss Kirchhellens und Bottrops hie\u00df die Stra\u00dfe Johannesstra\u00dfe.<\/p>\n","protected":false},"excerpt":{"rendered":"<p>\u201eAn St. Johannes\u201c f\u00fchrt von der Hauptstra\u00dfe \u00fcber die Bredde zum Kirchhellener Ring. Sie wurde benannt nach der dort im Jahre 1924\/25 errichteten neuen Pfarrkirche, &hellip; <\/p>\n","protected":false},"author":1,"featured_media":0,"parent":123,"menu_order":99,"comment_status":"closed","ping_status":"closed","template":"","meta":{"_acf_changed":false,"footnotes":""},"class_list":["post-628","page","type-page","status-publish","hentry"],"acf":[],"jetpack_sharing_enabled":true,"_links":{"self":[{"href":"https:\/\/historisches-kirchhellen.de\/index.php?rest_route=\/wp\/v2\/pages\/628","targetHints":{"allow":["GET"]}}],"collection":[{"href":"https:\/\/historisches-kirchhellen.de\/index.php?rest_route=\/wp\/v2\/pages"}],"about":[{"href":"https:\/\/historisches-kirchhellen.de\/index.php?rest_route=\/wp\/v2\/types\/page"}],"author":[{"embeddable":true,"href":"https:\/\/historisches-kirchhellen.de\/index.php?rest_route=\/wp\/v2\/users\/1"}],"replies":[{"embeddable":true,"href":"https:\/\/historisches-kirchhellen.de\/index.php?rest_route=%2Fwp%2Fv2%2Fcomments&post=628"}],"version-history":[{"count":0,"href":"https:\/\/historisches-kirchhellen.de\/index.php?rest_route=\/wp\/v2\/pages\/628\/revisions"}],"up":[{"embeddable":true,"href":"https:\/\/historisches-kirchhellen.de\/index.php?rest_route=\/wp\/v2\/pages\/123"}],"wp:attachment":[{"href":"https:\/\/historisches-kirchhellen.de\/index.php?rest_route=%2Fwp%2Fv2%2Fmedia&parent=628"}],"curies":[{"name":"wp","href":"https:\/\/api.w.org\/{rel}","templated":true}]}}