{"id":632,"date":"2019-05-16T18:29:49","date_gmt":"2019-05-16T18:29:49","guid":{"rendered":"http:\/\/historisches-kirchhellen.de\/?page_id=632"},"modified":"2019-05-16T18:29:49","modified_gmt":"2019-05-16T18:29:49","slug":"antoniusstrasse","status":"publish","type":"page","link":"https:\/\/historisches-kirchhellen.de\/?page_id=632","title":{"rendered":"Antoniusstra\u00dfe"},"content":{"rendered":"\n<p>Diese Stra\u00dfe ist die Verbindung zwischen <a href=\"http:\/\/historisches-kirchhellen.de\/?page_id=417\">Hauptstra\u00dfe<\/a> und <a href=\"http:\/\/historisches-kirchhellen.de\/?page_id=493\">Gartenstra\u00dfe<\/a>, die in H\u00f6he des Eiscaf\u00e9s Pisa von der Hauptstra\u00dfe abgebunden wurde. Benannt ist sie nach dem St.-Antonius-Krankenhaus. Beim Bau dieses Krankenhauses schoss der damalige Holzh\u00e4ndler Anton K\u00fcster aus Feldhausen einen namhaften Betrag zu. Ihm zum Danke erhielt das Haus den Namen des heiligen Antonius von Padua, seines Namenspatrons also. <\/p>\n","protected":false},"excerpt":{"rendered":"<p>Diese Stra\u00dfe ist die Verbindung zwischen Hauptstra\u00dfe und Gartenstra\u00dfe, die in H\u00f6he des Eiscaf\u00e9s Pisa von der Hauptstra\u00dfe abgebunden wurde. Benannt ist sie nach dem &hellip; <\/p>\n","protected":false},"author":1,"featured_media":0,"parent":123,"menu_order":100,"comment_status":"closed","ping_status":"closed","template":"","meta":{"_acf_changed":false,"footnotes":""},"class_list":["post-632","page","type-page","status-publish","hentry"],"acf":[],"jetpack_sharing_enabled":true,"_links":{"self":[{"href":"https:\/\/historisches-kirchhellen.de\/index.php?rest_route=\/wp\/v2\/pages\/632","targetHints":{"allow":["GET"]}}],"collection":[{"href":"https:\/\/historisches-kirchhellen.de\/index.php?rest_route=\/wp\/v2\/pages"}],"about":[{"href":"https:\/\/historisches-kirchhellen.de\/index.php?rest_route=\/wp\/v2\/types\/page"}],"author":[{"embeddable":true,"href":"https:\/\/historisches-kirchhellen.de\/index.php?rest_route=\/wp\/v2\/users\/1"}],"replies":[{"embeddable":true,"href":"https:\/\/historisches-kirchhellen.de\/index.php?rest_route=%2Fwp%2Fv2%2Fcomments&post=632"}],"version-history":[{"count":0,"href":"https:\/\/historisches-kirchhellen.de\/index.php?rest_route=\/wp\/v2\/pages\/632\/revisions"}],"up":[{"embeddable":true,"href":"https:\/\/historisches-kirchhellen.de\/index.php?rest_route=\/wp\/v2\/pages\/123"}],"wp:attachment":[{"href":"https:\/\/historisches-kirchhellen.de\/index.php?rest_route=%2Fwp%2Fv2%2Fmedia&parent=632"}],"curies":[{"name":"wp","href":"https:\/\/api.w.org\/{rel}","templated":true}]}}