{"id":634,"date":"2019-05-16T18:30:42","date_gmt":"2019-05-16T18:30:42","guid":{"rendered":"http:\/\/historisches-kirchhellen.de\/?page_id=634"},"modified":"2019-05-16T18:30:42","modified_gmt":"2019-05-16T18:30:42","slug":"arwinkel","status":"publish","type":"page","link":"https:\/\/historisches-kirchhellen.de\/?page_id=634","title":{"rendered":"Arwinkel"},"content":{"rendered":"\n<p>Der Arwinkel ist heute nur noch eine kurze Stichstra\u00dfe von der <a href=\"http:\/\/historisches-kirchhellen.de\/?page_id=493\">Gartenstra\u00dfe<\/a> &#8211; gegen\u00fcber dem Krankenhaus &#8211; Richtung Hauptstra\u00dfe. Es gibt im deutschen Sprachraum unendlich viele Ortsbeze\u0131chnungen in der Zusammensetzung mit \u201eAr-, Ahr-, Ara-, Aar-\u201c: Ahr (Fluss), Ahrweiler, Aargau usw. Die Silbe \u201ear\u201c hat in allen F\u00e4llen seinen Stamm im vorgermanischen \u201ear\u201c, das wieder einmal Wasser meint. Dort, in der ehemaligen Niederung des jetzigen Krankenhausparkplatzes, in dem Winkel zwischen <a href=\"http:\/\/historisches-kirchhellen.de\/?page_id=493\">Gartenstra\u00dfe<\/a>, <a href=\"http:\/\/historisches-kirchhellen.de\/?page_id=341\">Kirchhellener Ring<\/a> und <a href=\"http:\/\/historisches-kirchhellen.de\/?page_id=417\">Hauptstra\u00dfe<\/a> entsprang fr\u00fcher ein Nebenbach des Sch\u00f6lsbaches, der nach Osten das jetzige Gel\u00e4nde an der Pauluskirche durchfloss und wahrscheinlich die Gr\u00e4ften des Hauses Wenkendiek (Diek = Teich) speiste, um sich dann in der Br\u00e4uke mit dem Sch\u00f6lsbach zu vereinigen. <\/p>\n","protected":false},"excerpt":{"rendered":"<p>Der Arwinkel ist heute nur noch eine kurze Stichstra\u00dfe von der Gartenstra\u00dfe &#8211; gegen\u00fcber dem Krankenhaus &#8211; Richtung Hauptstra\u00dfe. Es gibt im deutschen Sprachraum unendlich &hellip; <\/p>\n","protected":false},"author":1,"featured_media":0,"parent":123,"menu_order":107,"comment_status":"closed","ping_status":"closed","template":"","meta":{"_acf_changed":false,"footnotes":""},"class_list":["post-634","page","type-page","status-publish","hentry"],"acf":[],"jetpack_sharing_enabled":true,"_links":{"self":[{"href":"https:\/\/historisches-kirchhellen.de\/index.php?rest_route=\/wp\/v2\/pages\/634","targetHints":{"allow":["GET"]}}],"collection":[{"href":"https:\/\/historisches-kirchhellen.de\/index.php?rest_route=\/wp\/v2\/pages"}],"about":[{"href":"https:\/\/historisches-kirchhellen.de\/index.php?rest_route=\/wp\/v2\/types\/page"}],"author":[{"embeddable":true,"href":"https:\/\/historisches-kirchhellen.de\/index.php?rest_route=\/wp\/v2\/users\/1"}],"replies":[{"embeddable":true,"href":"https:\/\/historisches-kirchhellen.de\/index.php?rest_route=%2Fwp%2Fv2%2Fcomments&post=634"}],"version-history":[{"count":0,"href":"https:\/\/historisches-kirchhellen.de\/index.php?rest_route=\/wp\/v2\/pages\/634\/revisions"}],"up":[{"embeddable":true,"href":"https:\/\/historisches-kirchhellen.de\/index.php?rest_route=\/wp\/v2\/pages\/123"}],"wp:attachment":[{"href":"https:\/\/historisches-kirchhellen.de\/index.php?rest_route=%2Fwp%2Fv2%2Fmedia&parent=634"}],"curies":[{"name":"wp","href":"https:\/\/api.w.org\/{rel}","templated":true}]}}