{"id":640,"date":"2019-05-16T18:34:01","date_gmt":"2019-05-16T18:34:01","guid":{"rendered":"http:\/\/historisches-kirchhellen.de\/?page_id=640"},"modified":"2019-05-16T18:34:01","modified_gmt":"2019-05-16T18:34:01","slug":"auf-dem-timpen","status":"publish","type":"page","link":"https:\/\/historisches-kirchhellen.de\/?page_id=640","title":{"rendered":"Auf dem Timpen"},"content":{"rendered":"\n<p>Dieser Weg l\u00e4uft von der L 618 \u00fcber die <a href=\"http:\/\/historisches-kirchhellen.de\/?page_id=465\">Feldhausener Stra\u00df<\/a>e, den <a href=\"http:\/\/historisches-kirchhellen.de\/?page_id=369\">Lippweg<\/a>, die Stra\u00dfe \u201e<a href=\"http:\/\/historisches-kirchhellen.de\/?page_id=598\">Am Hagelkreuz<\/a>\u201c bis zur <a href=\"http:\/\/historisches-kirchhellen.de\/?page_id=414\">Hackfurthstra\u00dfe<\/a>. Das Wort Timpen ist hier wohl die plattdeutsche Bezeichnung f\u00fcr Zipfel! Warum diese Stra\u00dfe diesen Namen erhalten hat, l\u00e4sst sich mit Bestimmtheit nicht mehr sagen, vielleicht hatte das Flurst\u00fcck \u201eAuf&#8217;m Timpen\u201c die Form eines Zipfels.<\/p>\n\n\n\n<p>Wenn in noch gar nicht so ferner Zeit eine Hausfrau unerwarteten Besuch bekam und ihr keine Zeit mehr blieb, die verst\u00e4ndlicherweise nicht immer saubere Arbeitssch\u00fcrze gegen eine andere zu vertauschen, schlug sie diese \u201eop&#8217;n Dreitimpen\u201c, das hei\u00dft, sie nahm den linken oder rechten Sch\u00fcrzenzipfel hoch und steckte ihn zu einem Dreieck hinter das Sch\u00fcrzenband, so dass die saubere Unterseite zu sehen war.\n\n<\/p>\n","protected":false},"excerpt":{"rendered":"<p>Dieser Weg l\u00e4uft von der L 618 \u00fcber die Feldhausener Stra\u00dfe, den Lippweg, die Stra\u00dfe \u201eAm Hagelkreuz\u201c bis zur Hackfurthstra\u00dfe. Das Wort Timpen ist hier &hellip; <\/p>\n","protected":false},"author":1,"featured_media":0,"parent":123,"menu_order":110,"comment_status":"closed","ping_status":"closed","template":"","meta":{"_acf_changed":false,"footnotes":""},"class_list":["post-640","page","type-page","status-publish","hentry"],"acf":[],"jetpack_sharing_enabled":true,"_links":{"self":[{"href":"https:\/\/historisches-kirchhellen.de\/index.php?rest_route=\/wp\/v2\/pages\/640","targetHints":{"allow":["GET"]}}],"collection":[{"href":"https:\/\/historisches-kirchhellen.de\/index.php?rest_route=\/wp\/v2\/pages"}],"about":[{"href":"https:\/\/historisches-kirchhellen.de\/index.php?rest_route=\/wp\/v2\/types\/page"}],"author":[{"embeddable":true,"href":"https:\/\/historisches-kirchhellen.de\/index.php?rest_route=\/wp\/v2\/users\/1"}],"replies":[{"embeddable":true,"href":"https:\/\/historisches-kirchhellen.de\/index.php?rest_route=%2Fwp%2Fv2%2Fcomments&post=640"}],"version-history":[{"count":0,"href":"https:\/\/historisches-kirchhellen.de\/index.php?rest_route=\/wp\/v2\/pages\/640\/revisions"}],"up":[{"embeddable":true,"href":"https:\/\/historisches-kirchhellen.de\/index.php?rest_route=\/wp\/v2\/pages\/123"}],"wp:attachment":[{"href":"https:\/\/historisches-kirchhellen.de\/index.php?rest_route=%2Fwp%2Fv2%2Fmedia&parent=640"}],"curies":[{"name":"wp","href":"https:\/\/api.w.org\/{rel}","templated":true}]}}