{"id":646,"date":"2019-05-16T18:36:48","date_gmt":"2019-05-16T18:36:48","guid":{"rendered":"http:\/\/historisches-kirchhellen.de\/?page_id=646"},"modified":"2019-05-16T18:36:48","modified_gmt":"2019-05-16T18:36:48","slug":"auf-der-kaempe","status":"publish","type":"page","link":"https:\/\/historisches-kirchhellen.de\/?page_id=646","title":{"rendered":"Auf der K\u00e4mpe"},"content":{"rendered":"\n<p>Das Flurst\u00fcck \u201eAuf der K\u00e4mpe\u201c gab dieser Stra\u00dfe, die von der <a href=\"http:\/\/historisches-kirchhellen.de\/?page_id=199\">Utschlagstra\u00dfe<\/a> \u00fcber die Stra\u00dfe <a href=\"http:\/\/historisches-kirchhellen.de\/?page_id=171\">Wiesental<\/a> und <a href=\"http:\/\/historisches-kirchhellen.de\/?page_id=437\">Hiesfelder Stra\u00dfe<\/a> zur <a href=\"http:\/\/historisches-kirchhellen.de\/?page_id=361\">Lehmschlenke<\/a> f\u00fchrt, den Namen.<\/p>\n\n\n\n<p>In dem Wort \u201eK\u00e4mpe\u201c steckt das lateinische \u201ecampus\u201c, das das Ackerland, das Saatfeld meint. Von campus bis K\u00e4mpe hat kein Bedeutungswandel stattgefunden, sie bezeichnet immer noch bebaute L\u00e4ndereien zum Unterschied von der Mark (Kirchheller Mark), die als Gemeineigentum weitgehend unbebaut blieb. In Kirchhellen nennen sich die Bewohner dieser Flur stolz \u201eK\u00e4mper\u201c mit einer eigenen \u201eNationalhymne\u201c, dem \u201eK\u00e4mper-Lied\u201c. <\/p>\n","protected":false},"excerpt":{"rendered":"<p>Das Flurst\u00fcck \u201eAuf der K\u00e4mpe\u201c gab dieser Stra\u00dfe, die von der Utschlagstra\u00dfe \u00fcber die Stra\u00dfe Wiesental und Hiesfelder Stra\u00dfe zur Lehmschlenke f\u00fchrt, den Namen. In &hellip; <\/p>\n","protected":false},"author":1,"featured_media":0,"parent":123,"menu_order":113,"comment_status":"closed","ping_status":"closed","template":"","meta":{"_acf_changed":false,"footnotes":""},"class_list":["post-646","page","type-page","status-publish","hentry"],"acf":[],"jetpack_sharing_enabled":true,"_links":{"self":[{"href":"https:\/\/historisches-kirchhellen.de\/index.php?rest_route=\/wp\/v2\/pages\/646","targetHints":{"allow":["GET"]}}],"collection":[{"href":"https:\/\/historisches-kirchhellen.de\/index.php?rest_route=\/wp\/v2\/pages"}],"about":[{"href":"https:\/\/historisches-kirchhellen.de\/index.php?rest_route=\/wp\/v2\/types\/page"}],"author":[{"embeddable":true,"href":"https:\/\/historisches-kirchhellen.de\/index.php?rest_route=\/wp\/v2\/users\/1"}],"replies":[{"embeddable":true,"href":"https:\/\/historisches-kirchhellen.de\/index.php?rest_route=%2Fwp%2Fv2%2Fcomments&post=646"}],"version-history":[{"count":0,"href":"https:\/\/historisches-kirchhellen.de\/index.php?rest_route=\/wp\/v2\/pages\/646\/revisions"}],"up":[{"embeddable":true,"href":"https:\/\/historisches-kirchhellen.de\/index.php?rest_route=\/wp\/v2\/pages\/123"}],"wp:attachment":[{"href":"https:\/\/historisches-kirchhellen.de\/index.php?rest_route=%2Fwp%2Fv2%2Fmedia&parent=646"}],"curies":[{"name":"wp","href":"https:\/\/api.w.org\/{rel}","templated":true}]}}