{"id":648,"date":"2019-05-16T18:37:19","date_gmt":"2019-05-16T18:37:19","guid":{"rendered":"http:\/\/historisches-kirchhellen.de\/?page_id=648"},"modified":"2019-05-16T18:37:19","modified_gmt":"2019-05-16T18:37:19","slug":"aulkestrasse","status":"publish","type":"page","link":"https:\/\/historisches-kirchhellen.de\/?page_id=648","title":{"rendered":"Aulkestra\u00dfe"},"content":{"rendered":"\n<p>Die Aulkestra\u00dfe liegt in dem Siedlungsgebiet zwischen <a href=\"http:\/\/historisches-kirchhellen.de\/?page_id=240\">Schulstra\u00dfe<\/a> und <a href=\"http:\/\/historisches-kirchhellen.de\/?page_id=493\">Gartenstra\u00dfe<\/a>. <\/p>\n\n\n\n<p>Anton Aulke, nach dem diese Stra\u00dfe ihren Namen hat, schrieb Gedichte, Geschichten und Romane in plattdeutscher Sprache. Er wurde 1887 in Senden geboren und starb am 19. Dezember 1974. Seine Verdienste um die Erhaltung der plattdeutschen Sprache wurden gew\u00fcrdigt: 1952 durch den Klaus-Groth-Preis der Stadt Hamburg, 1955 durch den Kulturpreis der Stadt Warendorf, 1961 durch den Annette-von-Droste-H\u00fclshoff-Preis des Landschafts-Verbandes Westfalen-Lippe, 1962 durch den Ehrenb\u00fcrgerbrief der Gemeinde Senden und 1967 durch den Ehrenring der Stadt Warendorf. <\/p>\n","protected":false},"excerpt":{"rendered":"<p>Die Aulkestra\u00dfe liegt in dem Siedlungsgebiet zwischen Schulstra\u00dfe und Gartenstra\u00dfe. Anton Aulke, nach dem diese Stra\u00dfe ihren Namen hat, schrieb Gedichte, Geschichten und Romane in &hellip; <\/p>\n","protected":false},"author":1,"featured_media":0,"parent":123,"menu_order":121,"comment_status":"closed","ping_status":"closed","template":"","meta":{"_acf_changed":false,"footnotes":""},"class_list":["post-648","page","type-page","status-publish","hentry"],"acf":[],"jetpack_sharing_enabled":true,"_links":{"self":[{"href":"https:\/\/historisches-kirchhellen.de\/index.php?rest_route=\/wp\/v2\/pages\/648","targetHints":{"allow":["GET"]}}],"collection":[{"href":"https:\/\/historisches-kirchhellen.de\/index.php?rest_route=\/wp\/v2\/pages"}],"about":[{"href":"https:\/\/historisches-kirchhellen.de\/index.php?rest_route=\/wp\/v2\/types\/page"}],"author":[{"embeddable":true,"href":"https:\/\/historisches-kirchhellen.de\/index.php?rest_route=\/wp\/v2\/users\/1"}],"replies":[{"embeddable":true,"href":"https:\/\/historisches-kirchhellen.de\/index.php?rest_route=%2Fwp%2Fv2%2Fcomments&post=648"}],"version-history":[{"count":0,"href":"https:\/\/historisches-kirchhellen.de\/index.php?rest_route=\/wp\/v2\/pages\/648\/revisions"}],"up":[{"embeddable":true,"href":"https:\/\/historisches-kirchhellen.de\/index.php?rest_route=\/wp\/v2\/pages\/123"}],"wp:attachment":[{"href":"https:\/\/historisches-kirchhellen.de\/index.php?rest_route=%2Fwp%2Fv2%2Fmedia&parent=648"}],"curies":[{"name":"wp","href":"https:\/\/api.w.org\/{rel}","templated":true}]}}