{"id":65,"date":"2019-05-14T16:41:13","date_gmt":"2019-05-14T16:41:13","guid":{"rendered":"http:\/\/historisches-kirchhellen.de\/?page_id=65"},"modified":"2023-11-24T00:47:24","modified_gmt":"2023-11-23T22:47:24","slug":"bewohner","status":"publish","type":"page","link":"https:\/\/historisches-kirchhellen.de\/?page_id=65","title":{"rendered":"Bewohner"},"content":{"rendered":"\n<p>Ein Adressverzeichnis mit Zuordnung der alten Hausbezeichnungen zu den aktuellen Adressen ist hier zu finden: <\/p>\n\n\n\n<div class=\"wp-block-buttons is-content-justification-center is-nowrap is-layout-flex wp-container-core-buttons-is-layout-71e3bfec wp-block-buttons-is-layout-flex\">\n<div class=\"wp-block-button\"><a class=\"wp-block-button__link wp-element-button\" href=\"https:\/\/historisches-kirchhellen.de\/?page_id=1606\">Adressverzeichnis<\/a><\/div>\n<\/div>\n\n\n\n<p><\/p>\n\n\n\n<p>Bev\u00f6lkerungslisten, Adressb\u00fccher, Volksz\u00e4hlungen und Geb\u00e4udeverzeichnisse liegen aus diesen Jahren (zum Teil l\u00fcckenhaft) vor:<\/p>\n\n\n\n<figure class=\"wp-block-table\"><table><thead><tr><th>Jahr<\/th><th>Art<\/th><\/tr><\/thead><tbody><tr><td>vor 1220<\/td><td><a href=\"https:\/\/historisches-kirchhellen.de\/?page_id=22625\" data-type=\"page\" data-id=\"22625\">Kleine Vogteirolle<\/a><\/td><\/tr><tr><td>um 1220<\/td><td>Gro\u00dfe Vogteirolle<\/td><\/tr><tr><td>13. Jahrhundert<\/td><td>Liste der dem Reichshof Dorsten abgabepflichtigen H\u00f6fe<\/td><\/tr><tr><td>1400-1449<\/td><td><a href=\"https:\/\/historisches-kirchhellen.de\/?page_id=22628\" data-type=\"page\" data-id=\"22628\">Essener Kettenbuch<\/a><\/td><\/tr><tr><td>1498<\/td><td>Liste der dem Reichshof Dorsten abgabepflichtigen H\u00f6fe<\/td><\/tr><tr><td>1574<\/td><td>Schatzzettel des Kirchspiels Kirchhellen<\/td><\/tr><tr><td>1630-1708<\/td><td>Verzeichnis der neuangelegten Kotten und urbar gemachten Gr\u00fcnde, G\u00e4rten und Wiesen<\/td><\/tr><tr><td>1660<\/td><td>Vestisches Lagerbuch<\/td><\/tr><tr><td>1670-1757<\/td><td>Verzeichnis der kurf\u00fcrstlichen Hobsg\u00fcter<\/td><\/tr><tr><td>1672\/1673<\/td><td>Liste der Sch\u00e4den durch die franz\u00f6sische Einquatierung<\/td><\/tr><tr><td>1686<\/td><td>Liste der dem Reichshof Dorsten abgabepflichtigen H\u00f6fe<\/td><\/tr><tr><td>1715<\/td><td>Liste der Br\u00fcchtf\u00e4lligen<\/td><\/tr><tr><td>1748<\/td><td><a href=\"https:\/\/historisches-kirchhellen.de\/?page_id=22587\" data-type=\"page\" data-id=\"22587\">Liste der Hand- und Spanndienstpflichtigen<\/a><\/td><\/tr><tr><td>1758<\/td><td>Liste der durch franz\u00f6sische Truppen verursachten Sch\u00e4den<\/td><\/tr><tr><td>1782<\/td><td><a href=\"https:\/\/historisches-kirchhellen.de\/?page_id=2274\" data-type=\"page\" data-id=\"2274\">Aufnahme des ganzen Vest Recklinghausen so wohl St\u00e4dte als auch Kirchspiele (Bev\u00f6lkerungsliste)<\/a><\/td><\/tr><tr><td>1791-1794<\/td><td>Heberegister<\/td><\/tr><tr><td>1799<\/td><td><a href=\"https:\/\/historisches-kirchhellen.de\/?page_id=22591\" data-type=\"page\" data-id=\"22591\">Verzeichnis der schulf\u00e4higen Kinder, welche zur Feldh\u00e4user Schule gerechnet werden k\u00f6nnen<\/a><\/td><\/tr><tr><td>1806<\/td><td>Bev\u00f6lkerungsliste<\/td><\/tr><tr><td>1809<\/td><td>Hebeliste der Bauerschaft Overhagen<\/td><\/tr><tr><td>1810<\/td><td><a href=\"https:\/\/historisches-kirchhellen.de\/?page_id=22617\" data-type=\"page\" data-id=\"22617\">Erneuertes Brandkataster<\/a><\/td><\/tr><tr><td>1812<\/td><td>Hausliste<\/td><\/tr><tr><td>1822<\/td><td>Heberolle zur Aufbringung des etatm\u00e4\u00dfigen Defizits des Schulbezirks Kirchhellen<\/td><\/tr><tr><td>1823<\/td><td>Heberolle f\u00fcr das Kirchspiel Kirchhellen<\/td><\/tr><tr><td>1826<\/td><td>G\u00fcterverzeichnis<\/td><\/tr><tr><td>1828<\/td><td>Ur-Mutterrolle<\/td><\/tr><tr><td>1849<\/td><td>Liste der B\u00fcrgerwehrm\u00e4nner<\/td><\/tr><tr><td>1860<\/td><td>Katastral-Absch\u00e4tzung Dorfmitte<\/td><\/tr><tr><td>1880<\/td><td>Volksz\u00e4hlung<\/td><\/tr><tr><td>um 1883<\/td><td>Hausliste<\/td><\/tr><tr><td>1885<\/td><td>Volksz\u00e4hlung<\/td><\/tr><tr><td>1895<\/td><td>Volksz\u00e4hlung<\/td><\/tr><tr><td>1914<\/td><td><a href=\"https:\/\/historisches-kirchhellen.de\/?page_id=1044\" data-type=\"page\" data-id=\"1044\">Adressbuch<\/a><\/td><\/tr><tr><td>1924<\/td><td>Einwohnerbuch f\u00fcr das Amt Kirchhellen i. W.<\/td><\/tr><tr><td>1934<\/td><td><a href=\"https:\/\/historisches-kirchhellen.de\/?page_id=22630\" data-type=\"page\" data-id=\"22630\">Liste der Erbh\u00f6fe<\/a><\/td><\/tr><tr><td>1937<\/td><td>Adressbuch<\/td><\/tr><tr><td>1945<\/td><td>Gewerbeliste<\/td><\/tr><tr><td>1952<\/td><td>Einwohnerbuch der Gemeinde Kirchhellen<\/td><\/tr><tr><td>1957<\/td><td>Adressbuch<\/td><\/tr><tr><td>1963<\/td><td>Adressbuch der Gemeinde Kirchhellen<\/td><\/tr><tr><td>1973<\/td><td>Adressbuch<\/td><\/tr><\/tbody><\/table><\/figure>\n","protected":false},"excerpt":{"rendered":"<p>Ein Adressverzeichnis mit Zuordnung der alten Hausbezeichnungen zu den aktuellen Adressen ist hier zu finden: Bev\u00f6lkerungslisten, Adressb\u00fccher, Volksz\u00e4hlungen und Geb\u00e4udeverzeichnisse liegen aus diesen Jahren (zum &hellip; <\/p>\n","protected":false},"author":1,"featured_media":0,"parent":48,"menu_order":1,"comment_status":"closed","ping_status":"closed","template":"","meta":{"_acf_changed":false,"footnotes":""},"class_list":["post-65","page","type-page","status-publish","hentry"],"acf":[],"jetpack_sharing_enabled":true,"_links":{"self":[{"href":"https:\/\/historisches-kirchhellen.de\/index.php?rest_route=\/wp\/v2\/pages\/65","targetHints":{"allow":["GET"]}}],"collection":[{"href":"https:\/\/historisches-kirchhellen.de\/index.php?rest_route=\/wp\/v2\/pages"}],"about":[{"href":"https:\/\/historisches-kirchhellen.de\/index.php?rest_route=\/wp\/v2\/types\/page"}],"author":[{"embeddable":true,"href":"https:\/\/historisches-kirchhellen.de\/index.php?rest_route=\/wp\/v2\/users\/1"}],"replies":[{"embeddable":true,"href":"https:\/\/historisches-kirchhellen.de\/index.php?rest_route=%2Fwp%2Fv2%2Fcomments&post=65"}],"version-history":[{"count":4,"href":"https:\/\/historisches-kirchhellen.de\/index.php?rest_route=\/wp\/v2\/pages\/65\/revisions"}],"predecessor-version":[{"id":22634,"href":"https:\/\/historisches-kirchhellen.de\/index.php?rest_route=\/wp\/v2\/pages\/65\/revisions\/22634"}],"up":[{"embeddable":true,"href":"https:\/\/historisches-kirchhellen.de\/index.php?rest_route=\/wp\/v2\/pages\/48"}],"wp:attachment":[{"href":"https:\/\/historisches-kirchhellen.de\/index.php?rest_route=%2Fwp%2Fv2%2Fmedia&parent=65"}],"curies":[{"name":"wp","href":"https:\/\/api.w.org\/{rel}","templated":true}]}}